{"id":2989,"date":"2024-03-17T14:53:56","date_gmt":"2024-03-17T13:53:56","guid":{"rendered":"https:\/\/www.zeevangshoeve.nl\/neuigkeiten-oder-aktionen\/"},"modified":"2025-04-14T10:48:49","modified_gmt":"2025-04-14T09:48:49","slug":"neuigkeiten-oder-aktionen","status":"publish","type":"page","link":"https:\/\/www.zeevangshoeve.nl\/de\/neuigkeiten-oder-aktionen\/","title":{"rendered":"Neuigkeiten oder Aktionen!"},"content":{"rendered":"<p><div class=\"fusion-fullwidth fullwidth-box fusion-builder-row-1 fusion-flex-container has-pattern-background has-mask-background nonhundred-percent-fullwidth non-hundred-percent-height-scrolling\" style=\"--awb-border-radius-top-left:0px;--awb-border-radius-top-right:0px;--awb-border-radius-bottom-right:0px;--awb-border-radius-bottom-left:0px;--awb-flex-wrap:wrap;\" ><div class=\"fusion-builder-row fusion-row fusion-flex-align-items-flex-start fusion-flex-content-wrap\" style=\"max-width:1372.8px;margin-left: calc(-4% \/ 2 );margin-right: calc(-4% \/ 2 );\"><div class=\"fusion-layout-column fusion_builder_column fusion-builder-column-0 fusion_builder_column_1_1 1_1 fusion-flex-column\" style=\"--awb-bg-size:cover;--awb-width-large:100%;--awb-margin-top-large:0px;--awb-spacing-right-large:1.92%;--awb-margin-bottom-large:20px;--awb-spacing-left-large:1.92%;--awb-width-medium:100%;--awb-order-medium:0;--awb-spacing-right-medium:1.92%;--awb-spacing-left-medium:1.92%;--awb-width-small:100%;--awb-order-small:0;--awb-spacing-right-small:1.92%;--awb-spacing-left-small:1.92%;\"><div class=\"fusion-column-wrapper fusion-column-has-shadow fusion-flex-justify-content-flex-start fusion-content-layout-column\"><div class=\"fusion-builder-row fusion-builder-row-inner fusion-row fusion-flex-align-items-flex-start fusion-flex-content-wrap\" style=\"width:104% !important;max-width:104% !important;margin-left: calc(-4% \/ 2 );margin-right: calc(-4% \/ 2 );\"><div class=\"fusion-layout-column fusion_builder_column_inner fusion-builder-nested-column-0 fusion_builder_column_inner_3_4 3_4 fusion-flex-column\" style=\"--awb-bg-size:cover;--awb-width-large:75%;--awb-margin-top-large:0px;--awb-spacing-right-large:2.56%;--awb-margin-bottom-large:20px;--awb-spacing-left-large:2.56%;--awb-width-medium:75%;--awb-order-medium:0;--awb-spacing-right-medium:2.56%;--awb-spacing-left-medium:2.56%;--awb-width-small:100%;--awb-order-small:0;--awb-spacing-right-small:1.92%;--awb-spacing-left-small:1.92%;\"><div class=\"fusion-column-wrapper fusion-column-has-shadow fusion-flex-justify-content-flex-start fusion-content-layout-column\"><div class=\"fusion-title title fusion-title-1 fusion-sep-none fusion-title-text fusion-title-size-one\" style=\"--awb-text-color:var(--awb-color6);--awb-margin-bottom:0px;--awb-font-size:45px;\"><h1 class=\"fusion-title-heading title-heading-left\" style=\"font-family:&#039;Lucida Sans Unicode&#039;, &#039;Lucida Grande&#039;, sans-serif;font-style:normal;font-weight:400;margin:0;text-transform:uppercase;font-size:1em;\">Nachrichten<\/h1><\/div><\/div><\/div><\/div><div class=\"fusion-builder-row fusion-builder-row-inner fusion-row fusion-flex-align-items-flex-start fusion-flex-content-wrap\" style=\"width:104% !important;max-width:104% !important;margin-left: calc(-4% \/ 2 );margin-right: calc(-4% \/ 2 );\"><div class=\"fusion-layout-column fusion_builder_column_inner fusion-builder-nested-column-1 fusion_builder_column_inner_1_1 1_1 fusion-flex-column\" style=\"--awb-bg-size:cover;--awb-width-large:100%;--awb-order-large:0;--awb-margin-top-large:0px;--awb-spacing-right-large:1.92%;--awb-margin-bottom-large:20px;--awb-spacing-left-large:1.92%;--awb-width-medium:100%;--awb-order-medium:0;--awb-spacing-right-medium:1.92%;--awb-spacing-left-medium:1.92%;--awb-width-small:100%;--awb-order-small:0;--awb-spacing-right-small:1.92%;--awb-spacing-left-small:1.92%;\"><div class=\"fusion-column-wrapper fusion-column-has-shadow fusion-flex-justify-content-flex-start fusion-content-layout-column\"><div class=\"fusion-text fusion-text-1\"><h4>Der Campingplatz ist \u00fcber Edam erreichbar!<\/h4>\n<\/div><\/div><\/div><\/div><div class=\"fusion-text fusion-text-2\"><h4 class=\"fusion-responsive-typography-calculated\" style=\"text-align: center; --fontsize: 24; line-height: 1.2;\" data-fontsize=\"24\" data-lineheight=\"28.8px\"><strong>Neu in 2025!<\/strong><\/h4>\n<h4 class=\"fusion-responsive-typography-calculated\" style=\"text-align: left; --fontsize: 24; line-height: 1.2;\" data-fontsize=\"24\" data-lineheight=\"28.8px\"><strong>Ladestationen<\/strong><\/h4>\n<p>Camping Zeevangshoeve macht es dir extra einfach! &#x1f697;&#x26a1; Wir haben zwei Ladestationen f\u00fcr Elektroautos, damit du deinen Urlaub unbeschwert genie\u00dfen kannst. Sie befinden sich auf dem Parkplatz, praktisch neben der Kantine.<\/p>\n<p>Nutze einfach deine eigene Ladekarte und lade f\u00fcr 0,55 \u20ac pro kWh auf.<\/p>\n<p>Suchst du einen gem\u00fctlichen Campingplatz mit Ladestation? Dann bist du bei Camping Zeevangshoeve genau richtig! &#x26fa;&#x1f50b;&#x2728;<\/p>\n<h4 class=\"fusion-responsive-typography-calculated\" style=\"--fontsize: 24; line-height: 1.2;\" data-fontsize=\"24\" data-lineheight=\"28.8px\"><strong>Hundewaschplatz<\/strong><\/h4>\n<p>Auch dein Hund verdient ein bisschen Wellness! &#x1f436;&#x1f4a6; Nach einem Tag voller Abenteuer und Schlammschlachten kann sich dein treuer Vierbeiner an unserer speziellen \u201eOutdoor\u201c-Waschstation erfrischen. Kurz absp\u00fclen, sch\u00fctteln und wieder frisch f\u00fcr neue Abenteuer!<\/p>\n<p>Vergiss nicht, deine eigenen Handt\u00fccher und Hundeshampoo mitzubringen. Wir sorgen f\u00fcr das Wasser, du f\u00fcr die Kuscheleinheiten! &#x1f43e;&#x1f6bf;&#x2728;<\/p>\n<h4 data-start=\"0\" data-end=\"20\"><strong>Esel Nono &amp; Bartje<\/strong><\/h4>\n<p data-start=\"22\" data-end=\"275\">Lerne unsere neuesten Bewohner kennen: die Esel Nono und Bartje! &#x2764;&#xfe0f; Seit Kurzem laufen sie fr\u00f6hlich \u00fcber den Campingplatz und freuen sich immer \u00fcber eine Streicheleinheit. Mit ihrem s\u00fc\u00dfen Gesicht und ihrem weichen Fell erobern sie schnell alle Herzen.<\/p>\n<p data-start=\"277\" data-end=\"398\" data-is-last-node=\"\" data-is-only-node=\"\">Kommst du vorbei, um Nono und Bartje zu begr\u00fc\u00dfen? Sie freuen sich jetzt schon auf ein bisschen extra Aufmerksamkeit! &#x1f970;&#x1f43e;<\/p>\n<\/div><\/div><\/div><\/div><\/div><div class=\"fusion-fullwidth fullwidth-box fusion-builder-row-2 fusion-flex-container has-pattern-background has-mask-background nonhundred-percent-fullwidth non-hundred-percent-height-scrolling\" style=\"--awb-border-radius-top-left:0px;--awb-border-radius-top-right:0px;--awb-border-radius-bottom-right:0px;--awb-border-radius-bottom-left:0px;--awb-flex-wrap:wrap;\" ><div class=\"fusion-builder-row fusion-row fusion-flex-align-items-flex-start fusion-flex-content-wrap\" style=\"max-width:1372.8px;margin-left: calc(-4% \/ 2 );margin-right: calc(-4% \/ 2 );\"><div class=\"fusion-layout-column fusion_builder_column fusion-builder-column-1 fusion_builder_column_1_3 1_3 fusion-flex-column\" style=\"--awb-bg-size:cover;--awb-width-large:33.3333333333%;--awb-order-large:0;--awb-margin-top-large:0px;--awb-spacing-right-large:5.76%;--awb-margin-bottom-large:20px;--awb-spacing-left-large:5.76%;--awb-width-medium:33.3333333333%;--awb-order-medium:0;--awb-spacing-right-medium:5.76%;--awb-spacing-left-medium:5.76%;--awb-width-small:100%;--awb-order-small:0;--awb-spacing-right-small:1.92%;--awb-spacing-left-small:1.92%;\"><div class=\"fusion-column-wrapper fusion-column-has-shadow fusion-flex-justify-content-flex-start fusion-content-layout-column\"><div class=\"fusion-image-element \" style=\"--awb-caption-title-font-family:var(--h2_typography-font-family);--awb-caption-title-font-weight:var(--h2_typography-font-weight);--awb-caption-title-font-style:var(--h2_typography-font-style);--awb-caption-title-size:var(--h2_typography-font-size);--awb-caption-title-transform:var(--h2_typography-text-transform);--awb-caption-title-line-height:var(--h2_typography-line-height);--awb-caption-title-letter-spacing:var(--h2_typography-letter-spacing);\"><span class=\" fusion-imageframe imageframe-none imageframe-1 hover-type-none\"><img decoding=\"async\" width=\"480\" height=\"640\" title=\"7f0bac58-a8e7-4a78-b0b7-5d2ba431e8ad\" src=\"https:\/\/www.zeevangshoeve.nl\/wp-content\/uploads\/2025\/03\/7f0bac58-a8e7-4a78-b0b7-5d2ba431e8ad.jpg\" alt class=\"img-responsive wp-image-3587\" srcset=\"https:\/\/www.zeevangshoeve.nl\/wp-content\/uploads\/2025\/03\/7f0bac58-a8e7-4a78-b0b7-5d2ba431e8ad-200x267.jpg 200w, https:\/\/www.zeevangshoeve.nl\/wp-content\/uploads\/2025\/03\/7f0bac58-a8e7-4a78-b0b7-5d2ba431e8ad-400x533.jpg 400w, https:\/\/www.zeevangshoeve.nl\/wp-content\/uploads\/2025\/03\/7f0bac58-a8e7-4a78-b0b7-5d2ba431e8ad.jpg 480w\" sizes=\"(max-width: 640px) 100vw, 400px\" \/><\/span><\/div><\/div><\/div><div class=\"fusion-layout-column fusion_builder_column fusion-builder-column-2 fusion_builder_column_1_3 1_3 fusion-flex-column\" style=\"--awb-bg-size:cover;--awb-width-large:33.3333333333%;--awb-order-large:0;--awb-margin-top-large:0px;--awb-spacing-right-large:5.76%;--awb-margin-bottom-large:20px;--awb-spacing-left-large:5.76%;--awb-width-medium:33.3333333333%;--awb-order-medium:0;--awb-spacing-right-medium:5.76%;--awb-spacing-left-medium:5.76%;--awb-width-small:100%;--awb-order-small:0;--awb-spacing-right-small:1.92%;--awb-spacing-left-small:1.92%;\"><div class=\"fusion-column-wrapper fusion-column-has-shadow fusion-flex-justify-content-flex-start fusion-content-layout-column\"><div class=\"fusion-image-element \" style=\"--awb-caption-title-font-family:var(--h2_typography-font-family);--awb-caption-title-font-weight:var(--h2_typography-font-weight);--awb-caption-title-font-style:var(--h2_typography-font-style);--awb-caption-title-size:var(--h2_typography-font-size);--awb-caption-title-transform:var(--h2_typography-text-transform);--awb-caption-title-line-height:var(--h2_typography-line-height);--awb-caption-title-letter-spacing:var(--h2_typography-letter-spacing);\"><span class=\" fusion-imageframe imageframe-none imageframe-2 hover-type-none\"><img decoding=\"async\" width=\"480\" height=\"640\" title=\"308582b1-a9cb-496d-827c-1cd1df80fcbc\" src=\"https:\/\/www.zeevangshoeve.nl\/wp-content\/uploads\/2025\/03\/308582b1-a9cb-496d-827c-1cd1df80fcbc.jpg\" alt class=\"img-responsive wp-image-3584\" srcset=\"https:\/\/www.zeevangshoeve.nl\/wp-content\/uploads\/2025\/03\/308582b1-a9cb-496d-827c-1cd1df80fcbc-200x267.jpg 200w, https:\/\/www.zeevangshoeve.nl\/wp-content\/uploads\/2025\/03\/308582b1-a9cb-496d-827c-1cd1df80fcbc-400x533.jpg 400w, https:\/\/www.zeevangshoeve.nl\/wp-content\/uploads\/2025\/03\/308582b1-a9cb-496d-827c-1cd1df80fcbc.jpg 480w\" sizes=\"(max-width: 640px) 100vw, 400px\" \/><\/span><\/div><\/div><\/div><div class=\"fusion-layout-column fusion_builder_column fusion-builder-column-3 fusion_builder_column_1_3 1_3 fusion-flex-column\" style=\"--awb-bg-size:cover;--awb-width-large:33.3333333333%;--awb-order-large:0;--awb-margin-top-large:0px;--awb-spacing-right-large:5.76%;--awb-margin-bottom-large:20px;--awb-spacing-left-large:5.76%;--awb-width-medium:33.3333333333%;--awb-order-medium:0;--awb-spacing-right-medium:5.76%;--awb-spacing-left-medium:5.76%;--awb-width-small:100%;--awb-order-small:0;--awb-spacing-right-small:1.92%;--awb-spacing-left-small:1.92%;\"><div class=\"fusion-column-wrapper fusion-column-has-shadow fusion-flex-justify-content-flex-start fusion-content-layout-column\"><div class=\"fusion-image-element \" style=\"--awb-caption-title-font-family:var(--h2_typography-font-family);--awb-caption-title-font-weight:var(--h2_typography-font-weight);--awb-caption-title-font-style:var(--h2_typography-font-style);--awb-caption-title-size:var(--h2_typography-font-size);--awb-caption-title-transform:var(--h2_typography-text-transform);--awb-caption-title-line-height:var(--h2_typography-line-height);--awb-caption-title-letter-spacing:var(--h2_typography-letter-spacing);\"><span class=\" fusion-imageframe imageframe-none imageframe-3 hover-type-none\"><img decoding=\"async\" width=\"477\" height=\"640\" title=\"2694950f-88c4-4a79-8c25-88e34de52166\" src=\"https:\/\/www.zeevangshoeve.nl\/wp-content\/uploads\/2025\/03\/2694950f-88c4-4a79-8c25-88e34de52166.jpg\" alt class=\"img-responsive wp-image-3581\" srcset=\"https:\/\/www.zeevangshoeve.nl\/wp-content\/uploads\/2025\/03\/2694950f-88c4-4a79-8c25-88e34de52166-200x268.jpg 200w, https:\/\/www.zeevangshoeve.nl\/wp-content\/uploads\/2025\/03\/2694950f-88c4-4a79-8c25-88e34de52166-400x537.jpg 400w, https:\/\/www.zeevangshoeve.nl\/wp-content\/uploads\/2025\/03\/2694950f-88c4-4a79-8c25-88e34de52166.jpg 477w\" sizes=\"(max-width: 640px) 100vw, 400px\" \/><\/span><\/div><\/div><\/div><\/div><\/div><div class=\"fusion-fullwidth fullwidth-box fusion-builder-row-3 fusion-flex-container has-pattern-background has-mask-background nonhundred-percent-fullwidth non-hundred-percent-height-scrolling\" style=\"--awb-border-radius-top-left:0px;--awb-border-radius-top-right:0px;--awb-border-radius-bottom-right:0px;--awb-border-radius-bottom-left:0px;--awb-flex-wrap:wrap;\" ><div class=\"fusion-builder-row fusion-row fusion-flex-align-items-flex-start fusion-flex-content-wrap\" style=\"max-width:1372.8px;margin-left: calc(-4% \/ 2 );margin-right: calc(-4% \/ 2 );\"><div class=\"fusion-layout-column fusion_builder_column fusion-builder-column-4 fusion_builder_column_1_1 1_1 fusion-flex-column\" style=\"--awb-bg-size:cover;--awb-width-large:100%;--awb-order-large:0;--awb-margin-top-large:0px;--awb-spacing-right-large:1.92%;--awb-margin-bottom-large:20px;--awb-spacing-left-large:1.92%;--awb-width-medium:100%;--awb-order-medium:0;--awb-spacing-right-medium:1.92%;--awb-spacing-left-medium:1.92%;--awb-width-small:100%;--awb-order-small:0;--awb-spacing-right-small:1.92%;--awb-spacing-left-small:1.92%;\"><div class=\"fusion-column-wrapper fusion-column-has-shadow fusion-flex-justify-content-flex-start fusion-content-layout-column\"><div class=\"fusion-text fusion-text-3\"><h4 data-start=\"0\" data-end=\"10\"><strong data-start=\"0\" data-end=\"8\">Yoga<\/strong><\/h4>\n<p data-start=\"12\" data-end=\"333\">Komm diesen Sommer zur Ruhe und finde deine Balance mit Yoga auf dem Campingplatz. Ich bin Mieke van Reede, Yogalehrerin. Ich biete ein vielf\u00e4ltiges Kursangebot an, darunter Yin, Power, Vinyasa und Yoga Nidra. Gerne teile ich die Vorteile, die ich durch Yoga erfahren habe, mit anderen. Auch Privatstunden sind m\u00f6glich.<\/p>\n<p data-start=\"335\" data-end=\"371\">F\u00fcr Kontakt und Infos: +31 624894141.<\/p>\n<p data-start=\"373\" data-end=\"482\" data-is-last-node=\"\" data-is-only-node=\"\">Die Kurse werden auf Niederl\u00e4ndisch oder Englisch gegeben, aber ich spreche auch Italienisch und Franz\u00f6sisch.<\/p>\n<\/div><div class=\"fusion-builder-row fusion-builder-row-inner fusion-row fusion-flex-align-items-flex-start fusion-flex-content-wrap\" style=\"width:104% !important;max-width:104% !important;margin-left: calc(-4% \/ 2 );margin-right: calc(-4% \/ 2 );\"><div class=\"fusion-layout-column fusion_builder_column_inner fusion-builder-nested-column-2 fusion_builder_column_inner_1_3 1_3 fusion-flex-column\" style=\"--awb-bg-size:cover;--awb-width-large:33.3333333333%;--awb-order-large:0;--awb-margin-top-large:0px;--awb-spacing-right-large:5.76%;--awb-margin-bottom-large:20px;--awb-spacing-left-large:5.76%;--awb-width-medium:33.3333333333%;--awb-order-medium:0;--awb-spacing-right-medium:5.76%;--awb-spacing-left-medium:5.76%;--awb-width-small:100%;--awb-order-small:0;--awb-spacing-right-small:1.92%;--awb-spacing-left-small:1.92%;\"><div class=\"fusion-column-wrapper fusion-column-has-shadow fusion-flex-justify-content-flex-start fusion-content-layout-column\"><div class=\"fusion-image-element \" style=\"--awb-caption-title-font-family:var(--h2_typography-font-family);--awb-caption-title-font-weight:var(--h2_typography-font-weight);--awb-caption-title-font-style:var(--h2_typography-font-style);--awb-caption-title-size:var(--h2_typography-font-size);--awb-caption-title-transform:var(--h2_typography-text-transform);--awb-caption-title-line-height:var(--h2_typography-line-height);--awb-caption-title-letter-spacing:var(--h2_typography-letter-spacing);\"><span class=\" fusion-imageframe imageframe-none imageframe-4 hover-type-none\"><img decoding=\"async\" width=\"539\" height=\"640\" title=\"2f974ed2-326c-42b5-bb03-0cd4fe543b16\" src=\"https:\/\/www.zeevangshoeve.nl\/wp-content\/uploads\/2025\/03\/2f974ed2-326c-42b5-bb03-0cd4fe543b16-e1741168067739.jpg\" alt class=\"img-responsive wp-image-3597\"\/><\/span><\/div><\/div><\/div><div class=\"fusion-layout-column fusion_builder_column_inner fusion-builder-nested-column-3 fusion_builder_column_inner_1_3 1_3 fusion-flex-column\" style=\"--awb-bg-size:cover;--awb-width-large:33.3333333333%;--awb-order-large:0;--awb-margin-top-large:0px;--awb-spacing-right-large:5.76%;--awb-margin-bottom-large:20px;--awb-spacing-left-large:5.76%;--awb-width-medium:33.3333333333%;--awb-order-medium:0;--awb-spacing-right-medium:5.76%;--awb-spacing-left-medium:5.76%;--awb-width-small:100%;--awb-order-small:0;--awb-spacing-right-small:1.92%;--awb-spacing-left-small:1.92%;\"><div class=\"fusion-column-wrapper fusion-column-has-shadow fusion-flex-justify-content-flex-start fusion-content-layout-column\"><div class=\"fusion-image-element \" style=\"--awb-caption-title-font-family:var(--h2_typography-font-family);--awb-caption-title-font-weight:var(--h2_typography-font-weight);--awb-caption-title-font-style:var(--h2_typography-font-style);--awb-caption-title-size:var(--h2_typography-font-size);--awb-caption-title-transform:var(--h2_typography-text-transform);--awb-caption-title-line-height:var(--h2_typography-line-height);--awb-caption-title-letter-spacing:var(--h2_typography-letter-spacing);\"><span class=\" fusion-imageframe imageframe-none imageframe-5 hover-type-none\"><img decoding=\"async\" width=\"480\" height=\"640\" title=\"33c38f60-bf1d-48aa-b53f-1b9171941659\" src=\"https:\/\/www.zeevangshoeve.nl\/wp-content\/uploads\/2025\/03\/33c38f60-bf1d-48aa-b53f-1b9171941659-e1741168167365.jpg\" alt class=\"img-responsive wp-image-3600\"\/><\/span><\/div><\/div><\/div><div class=\"fusion-layout-column fusion_builder_column_inner fusion-builder-nested-column-4 fusion_builder_column_inner_1_3 1_3 fusion-flex-column\" style=\"--awb-bg-size:cover;--awb-width-large:33.3333333333%;--awb-order-large:0;--awb-margin-top-large:0px;--awb-spacing-right-large:5.76%;--awb-margin-bottom-large:20px;--awb-spacing-left-large:5.76%;--awb-width-medium:33.3333333333%;--awb-order-medium:0;--awb-spacing-right-medium:5.76%;--awb-spacing-left-medium:5.76%;--awb-width-small:100%;--awb-order-small:0;--awb-spacing-right-small:1.92%;--awb-spacing-left-small:1.92%;\"><div class=\"fusion-column-wrapper fusion-column-has-shadow fusion-flex-justify-content-flex-start fusion-content-layout-column\"><div class=\"fusion-image-element \" style=\"--awb-caption-title-font-family:var(--h2_typography-font-family);--awb-caption-title-font-weight:var(--h2_typography-font-weight);--awb-caption-title-font-style:var(--h2_typography-font-style);--awb-caption-title-size:var(--h2_typography-font-size);--awb-caption-title-transform:var(--h2_typography-text-transform);--awb-caption-title-line-height:var(--h2_typography-line-height);--awb-caption-title-letter-spacing:var(--h2_typography-letter-spacing);\"><span class=\" fusion-imageframe imageframe-none imageframe-6 hover-type-none\"><img decoding=\"async\" width=\"540\" height=\"640\" title=\"3b1bfee4-1d2f-4dac-9465-81c54d55c4fa\" src=\"https:\/\/www.zeevangshoeve.nl\/wp-content\/uploads\/2025\/03\/3b1bfee4-1d2f-4dac-9465-81c54d55c4fa-e1741168284866.jpg\" alt class=\"img-responsive wp-image-3594\"\/><\/span><\/div><\/div><\/div><\/div><\/div><\/div><\/div><\/div><\/p>\n","protected":false},"excerpt":{"rendered":"","protected":false},"author":2,"featured_media":0,"parent":0,"menu_order":0,"comment_status":"closed","ping_status":"closed","template":"100-width.php","meta":{"footnotes":""},"class_list":["post-2989","page","type-page","status-publish","hentry"],"_links":{"self":[{"href":"https:\/\/www.zeevangshoeve.nl\/de\/wp-json\/wp\/v2\/pages\/2989","targetHints":{"allow":["GET"]}}],"collection":[{"href":"https:\/\/www.zeevangshoeve.nl\/de\/wp-json\/wp\/v2\/pages"}],"about":[{"href":"https:\/\/www.zeevangshoeve.nl\/de\/wp-json\/wp\/v2\/types\/page"}],"author":[{"embeddable":true,"href":"https:\/\/www.zeevangshoeve.nl\/de\/wp-json\/wp\/v2\/users\/2"}],"replies":[{"embeddable":true,"href":"https:\/\/www.zeevangshoeve.nl\/de\/wp-json\/wp\/v2\/comments?post=2989"}],"version-history":[{"count":44,"href":"https:\/\/www.zeevangshoeve.nl\/de\/wp-json\/wp\/v2\/pages\/2989\/revisions"}],"predecessor-version":[{"id":3618,"href":"https:\/\/www.zeevangshoeve.nl\/de\/wp-json\/wp\/v2\/pages\/2989\/revisions\/3618"}],"wp:attachment":[{"href":"https:\/\/www.zeevangshoeve.nl\/de\/wp-json\/wp\/v2\/media?parent=2989"}],"curies":[{"name":"wp","href":"https:\/\/api.w.org\/{rel}","templated":true}]}}