{"id":2793,"date":"2024-03-05T08:44:24","date_gmt":"2024-03-05T07:44:24","guid":{"rendered":"https:\/\/www.zeevangshoeve.nl\/markermeer\/"},"modified":"2024-03-25T18:19:03","modified_gmt":"2024-03-25T17:19:03","slug":"markermeer","status":"publish","type":"page","link":"https:\/\/www.zeevangshoeve.nl\/de\/markermeer\/","title":{"rendered":"Markermeer"},"content":{"rendered":"<p><div class=\"fusion-fullwidth fullwidth-box fusion-builder-row-1 fusion-flex-container has-pattern-background has-mask-background nonhundred-percent-fullwidth non-hundred-percent-height-scrolling\" style=\"--awb-border-radius-top-left:0px;--awb-border-radius-top-right:0px;--awb-border-radius-bottom-right:0px;--awb-border-radius-bottom-left:0px;--awb-flex-wrap:wrap;\" ><div class=\"fusion-builder-row fusion-row fusion-flex-align-items-flex-start fusion-flex-content-wrap\" style=\"max-width:1372.8px;margin-left: calc(-4% \/ 2 );margin-right: calc(-4% \/ 2 );\"><div class=\"fusion-layout-column fusion_builder_column fusion-builder-column-0 fusion_builder_column_1_1 1_1 fusion-flex-column\" style=\"--awb-bg-size:cover;--awb-width-large:100%;--awb-margin-top-large:0px;--awb-spacing-right-large:1.92%;--awb-margin-bottom-large:20px;--awb-spacing-left-large:1.92%;--awb-width-medium:100%;--awb-order-medium:0;--awb-spacing-right-medium:1.92%;--awb-spacing-left-medium:1.92%;--awb-width-small:100%;--awb-order-small:0;--awb-spacing-right-small:1.92%;--awb-spacing-left-small:1.92%;\"><div class=\"fusion-column-wrapper fusion-column-has-shadow fusion-flex-justify-content-flex-start fusion-content-layout-column\"><div class=\"fusion-builder-row fusion-builder-row-inner fusion-row fusion-flex-align-items-flex-start fusion-flex-content-wrap\" style=\"width:104% !important;max-width:104% !important;margin-left: calc(-4% \/ 2 );margin-right: calc(-4% \/ 2 );\"><div class=\"fusion-layout-column fusion_builder_column_inner fusion-builder-nested-column-0 fusion_builder_column_inner_3_4 3_4 fusion-flex-column\" style=\"--awb-bg-size:cover;--awb-width-large:75%;--awb-margin-top-large:0px;--awb-spacing-right-large:2.56%;--awb-margin-bottom-large:20px;--awb-spacing-left-large:2.56%;--awb-width-medium:75%;--awb-order-medium:0;--awb-spacing-right-medium:2.56%;--awb-spacing-left-medium:2.56%;--awb-width-small:100%;--awb-order-small:0;--awb-spacing-right-small:1.92%;--awb-spacing-left-small:1.92%;\"><div class=\"fusion-column-wrapper fusion-column-has-shadow fusion-flex-justify-content-flex-start fusion-content-layout-column\"><div class=\"fusion-title title fusion-title-1 fusion-sep-none fusion-title-text fusion-title-size-one\" style=\"--awb-text-color:var(--awb-custom_color_1);--awb-margin-bottom:0px;--awb-font-size:45px;\"><h1 class=\"fusion-title-heading title-heading-left\" style=\"font-family:&#039;Lucida Sans Unicode&#039;, &#039;Lucida Grande&#039;, sans-serif;font-style:normal;font-weight:400;margin:0;text-transform:uppercase;font-size:1em;\"><span style=\"color: #333399;\">Markermeer<\/span><\/h1><\/div><div class=\"fusion-text fusion-text-1\"><\/div><\/div><\/div><\/div><div class=\"fusion-text fusion-text-2\" style=\"--awb-text-color:var(--awb-color3);\"><p>Unser Campingplatz befindet sich auf dem Deich des Markermeers. Das Markermeer ist nach der ehemaligen Insel Marken benannt, die einst als Teil der Zuiderzeewerke errichtet wurde. 1976 wurde das Markermeer durch den Bau des Deichs zwischen Enkhuizen und Lelystad geschaffen. Das Wasser wurde vom Meer und den Fl\u00fcssen abgeschnitten. Wo urspr\u00fcnglich die Eindeichung des Markerwaard vorgesehen war, ist nun offenes Wasser entstanden. Ideal f\u00fcr den Wassersport.  <\/p>\n<\/div><div class=\"fusion-text fusion-text-3\" style=\"--awb-text-color:var(--awb-color3);\"><h4><span style=\"color: #333399;\">Schwimmanlage<\/span><\/h4>\n<p>Stufen \u00fcber den Deich erm\u00f6glichen den Zugang zum Erholungsstrand mit Badesteg am Markermeer. Die Flachwasserbucht eignet sich hervorragend zum Schwimmen und Spielen im Wasser. Lassen Sie Ihr Gummiboot oder Ihre Luftmatratze schwimmen!<\/p>\n<\/div><div class=\"fusion-text fusion-text-4\" style=\"--awb-text-color:var(--awb-color3);\"><h4><span style=\"color: #333399;\">Wassersport<\/span><\/h4>\n<p>Das Markermeer ist ein sch\u00f6nes Fahrgebiet f\u00fcr Wassersportler. Kaum ein anderes Gew\u00e4sser in den Niederlanden bietet so viele unkomplizierte M\u00f6glichkeiten.&nbsp;Surfen, Kiten oder Segeln, das alles ist auf dem Markermeer m\u00f6glich. Auch vom Festland aus ist das Markermeer ein guter Anlaufpunkt. Kein Tag ist wie der andere!<\/p>\n<\/div><\/div><\/div><\/div><\/div><div class=\"fusion-fullwidth fullwidth-box fusion-builder-row-2 fusion-flex-container has-pattern-background has-mask-background nonhundred-percent-fullwidth non-hundred-percent-height-scrolling\" style=\"--awb-border-radius-top-left:0px;--awb-border-radius-top-right:0px;--awb-border-radius-bottom-right:0px;--awb-border-radius-bottom-left:0px;--awb-flex-wrap:wrap;\" ><div class=\"fusion-builder-row fusion-row fusion-flex-align-items-flex-start fusion-flex-content-wrap\" style=\"max-width:1372.8px;margin-left: calc(-4% \/ 2 );margin-right: calc(-4% \/ 2 );\"><div class=\"fusion-layout-column fusion_builder_column fusion-builder-column-1 fusion_builder_column_1_3 1_3 fusion-flex-column\" style=\"--awb-bg-size:cover;--awb-width-large:33.3333333333%;--awb-margin-top-large:0px;--awb-spacing-right-large:5.76%;--awb-margin-bottom-large:20px;--awb-spacing-left-large:5.76%;--awb-width-medium:33.3333333333%;--awb-order-medium:0;--awb-spacing-right-medium:5.76%;--awb-spacing-left-medium:5.76%;--awb-width-small:100%;--awb-order-small:0;--awb-spacing-right-small:1.92%;--awb-spacing-left-small:1.92%;\"><div class=\"fusion-column-wrapper fusion-column-has-shadow fusion-flex-justify-content-flex-start fusion-content-layout-column\"><div class=\"fusion-image-element \" style=\"--awb-aspect-ratio: 100 \/ 70;--awb-caption-title-font-family:var(--h2_typography-font-family);--awb-caption-title-font-weight:var(--h2_typography-font-weight);--awb-caption-title-font-style:var(--h2_typography-font-style);--awb-caption-title-size:var(--h2_typography-font-size);--awb-caption-title-transform:var(--h2_typography-text-transform);--awb-caption-title-line-height:var(--h2_typography-line-height);--awb-caption-title-letter-spacing:var(--h2_typography-letter-spacing);\"><span class=\" fusion-imageframe imageframe-none imageframe-1 hover-type-none has-aspect-ratio\"><img decoding=\"async\" src=\"https:\/\/www.zeevangshoeve.nl\/wp-content\/uploads\/2024\/03\/iStock-1124717222-800x533.jpg\" class=\"img-responsive img-with-aspect-ratio\" data-parent-fit=\"cover\" data-parent-container=\".fusion-image-element\" alt \/><\/span><\/div><\/div><\/div><div class=\"fusion-layout-column fusion_builder_column fusion-builder-column-2 fusion_builder_column_1_3 1_3 fusion-flex-column\" style=\"--awb-bg-size:cover;--awb-width-large:33.3333333333%;--awb-margin-top-large:0px;--awb-spacing-right-large:5.76%;--awb-margin-bottom-large:20px;--awb-spacing-left-large:5.76%;--awb-width-medium:33.3333333333%;--awb-order-medium:0;--awb-spacing-right-medium:5.76%;--awb-spacing-left-medium:5.76%;--awb-width-small:100%;--awb-order-small:0;--awb-spacing-right-small:1.92%;--awb-spacing-left-small:1.92%;\"><div class=\"fusion-column-wrapper fusion-column-has-shadow fusion-flex-justify-content-flex-start fusion-content-layout-column\"><div class=\"fusion-image-element \" style=\"--awb-aspect-ratio: 100 \/ 70;--awb-caption-title-font-family:var(--h2_typography-font-family);--awb-caption-title-font-weight:var(--h2_typography-font-weight);--awb-caption-title-font-style:var(--h2_typography-font-style);--awb-caption-title-size:var(--h2_typography-font-size);--awb-caption-title-transform:var(--h2_typography-text-transform);--awb-caption-title-line-height:var(--h2_typography-line-height);--awb-caption-title-letter-spacing:var(--h2_typography-letter-spacing);\"><span class=\" fusion-imageframe imageframe-none imageframe-2 hover-type-none has-aspect-ratio\"><img decoding=\"async\" width=\"1836\" height=\"1200\" title=\"Surfers\" src=\"https:\/\/www.zeevangshoeve.nl\/wp-content\/uploads\/2024\/02\/iStock-172168806.jpg\" class=\"img-responsive wp-image-2489 img-with-aspect-ratio\" data-parent-fit=\"cover\" data-parent-container=\".fusion-image-element\" alt srcset=\"https:\/\/www.zeevangshoeve.nl\/wp-content\/uploads\/2024\/02\/iStock-172168806-200x131.jpg 200w, https:\/\/www.zeevangshoeve.nl\/wp-content\/uploads\/2024\/02\/iStock-172168806-400x261.jpg 400w, https:\/\/www.zeevangshoeve.nl\/wp-content\/uploads\/2024\/02\/iStock-172168806-600x392.jpg 600w, https:\/\/www.zeevangshoeve.nl\/wp-content\/uploads\/2024\/02\/iStock-172168806-800x523.jpg 800w, https:\/\/www.zeevangshoeve.nl\/wp-content\/uploads\/2024\/02\/iStock-172168806-1200x784.jpg 1200w, https:\/\/www.zeevangshoeve.nl\/wp-content\/uploads\/2024\/02\/iStock-172168806.jpg 1836w\" sizes=\"(max-width: 640px) 100vw, 400px\" \/><\/span><\/div><\/div><\/div><div class=\"fusion-layout-column fusion_builder_column fusion-builder-column-3 fusion_builder_column_1_3 1_3 fusion-flex-column\" style=\"--awb-bg-size:cover;--awb-width-large:33.3333333333%;--awb-margin-top-large:0px;--awb-spacing-right-large:5.76%;--awb-margin-bottom-large:20px;--awb-spacing-left-large:5.76%;--awb-width-medium:33.3333333333%;--awb-order-medium:0;--awb-spacing-right-medium:5.76%;--awb-spacing-left-medium:5.76%;--awb-width-small:100%;--awb-order-small:0;--awb-spacing-right-small:1.92%;--awb-spacing-left-small:1.92%;\"><div class=\"fusion-column-wrapper fusion-column-has-shadow fusion-flex-justify-content-flex-start fusion-content-layout-column\"><div class=\"fusion-image-element \" style=\"--awb-aspect-ratio: 100 \/ 70;--awb-caption-title-font-family:var(--h2_typography-font-family);--awb-caption-title-font-weight:var(--h2_typography-font-weight);--awb-caption-title-font-style:var(--h2_typography-font-style);--awb-caption-title-size:var(--h2_typography-font-size);--awb-caption-title-transform:var(--h2_typography-text-transform);--awb-caption-title-line-height:var(--h2_typography-line-height);--awb-caption-title-letter-spacing:var(--h2_typography-letter-spacing);\"><span class=\" fusion-imageframe imageframe-none imageframe-3 hover-type-none has-aspect-ratio\"><img decoding=\"async\" src=\"https:\/\/www.zeevangshoeve.nl\/wp-content\/uploads\/2024\/02\/shutterstock_1046923264-800x533.jpg\" class=\"img-responsive img-with-aspect-ratio\" data-parent-fit=\"cover\" data-parent-container=\".fusion-image-element\" alt \/><\/span><\/div><\/div><\/div><\/div><\/div><\/p>\n","protected":false},"excerpt":{"rendered":"","protected":false},"author":2,"featured_media":0,"parent":0,"menu_order":0,"comment_status":"closed","ping_status":"closed","template":"100-width.php","meta":{"footnotes":""},"class_list":["post-2793","page","type-page","status-publish","hentry"],"_links":{"self":[{"href":"https:\/\/www.zeevangshoeve.nl\/de\/wp-json\/wp\/v2\/pages\/2793","targetHints":{"allow":["GET"]}}],"collection":[{"href":"https:\/\/www.zeevangshoeve.nl\/de\/wp-json\/wp\/v2\/pages"}],"about":[{"href":"https:\/\/www.zeevangshoeve.nl\/de\/wp-json\/wp\/v2\/types\/page"}],"author":[{"embeddable":true,"href":"https:\/\/www.zeevangshoeve.nl\/de\/wp-json\/wp\/v2\/users\/2"}],"replies":[{"embeddable":true,"href":"https:\/\/www.zeevangshoeve.nl\/de\/wp-json\/wp\/v2\/comments?post=2793"}],"version-history":[{"count":13,"href":"https:\/\/www.zeevangshoeve.nl\/de\/wp-json\/wp\/v2\/pages\/2793\/revisions"}],"predecessor-version":[{"id":3302,"href":"https:\/\/www.zeevangshoeve.nl\/de\/wp-json\/wp\/v2\/pages\/2793\/revisions\/3302"}],"wp:attachment":[{"href":"https:\/\/www.zeevangshoeve.nl\/de\/wp-json\/wp\/v2\/media?parent=2793"}],"curies":[{"name":"wp","href":"https:\/\/api.w.org\/{rel}","templated":true}]}}