{"id":2199,"date":"2024-02-14T21:24:46","date_gmt":"2024-02-14T20:24:46","guid":{"rendered":"https:\/\/www.zeevangshoeve.nl\/preise\/"},"modified":"2026-03-03T15:02:49","modified_gmt":"2026-03-03T14:02:49","slug":"preise","status":"publish","type":"page","link":"https:\/\/www.zeevangshoeve.nl\/de\/preise\/","title":{"rendered":"Preise"},"content":{"rendered":"<p><div class=\"fusion-fullwidth fullwidth-box fusion-builder-row-1 fusion-flex-container has-pattern-background has-mask-background nonhundred-percent-fullwidth non-hundred-percent-height-scrolling\" style=\"--awb-border-radius-top-left:0px;--awb-border-radius-top-right:0px;--awb-border-radius-bottom-right:0px;--awb-border-radius-bottom-left:0px;--awb-flex-wrap:wrap;\" ><div class=\"fusion-builder-row fusion-row fusion-flex-align-items-flex-start fusion-flex-content-wrap\" style=\"max-width:1372.8px;margin-left: calc(-4% \/ 2 );margin-right: calc(-4% \/ 2 );\"><div class=\"fusion-layout-column fusion_builder_column fusion-builder-column-0 fusion_builder_column_1_1 1_1 fusion-flex-column\" style=\"--awb-bg-size:cover;--awb-width-large:100%;--awb-margin-top-large:0px;--awb-spacing-right-large:1.92%;--awb-margin-bottom-large:20px;--awb-spacing-left-large:1.92%;--awb-width-medium:100%;--awb-order-medium:0;--awb-spacing-right-medium:1.92%;--awb-spacing-left-medium:1.92%;--awb-width-small:100%;--awb-order-small:0;--awb-spacing-right-small:1.92%;--awb-spacing-left-small:1.92%;\"><div class=\"fusion-column-wrapper fusion-column-has-shadow fusion-flex-justify-content-flex-start fusion-content-layout-column\"><div class=\"fusion-builder-row fusion-builder-row-inner fusion-row fusion-flex-align-items-flex-start fusion-flex-content-wrap\" style=\"width:104% !important;max-width:104% !important;margin-left: calc(-4% \/ 2 );margin-right: calc(-4% \/ 2 );\"><div class=\"fusion-layout-column fusion_builder_column_inner fusion-builder-nested-column-0 fusion_builder_column_inner_3_4 3_4 fusion-flex-column\" style=\"--awb-bg-size:cover;--awb-width-large:75%;--awb-margin-top-large:0px;--awb-spacing-right-large:2.56%;--awb-margin-bottom-large:20px;--awb-spacing-left-large:2.56%;--awb-width-medium:75%;--awb-order-medium:0;--awb-spacing-right-medium:2.56%;--awb-spacing-left-medium:2.56%;--awb-width-small:100%;--awb-order-small:0;--awb-spacing-right-small:1.92%;--awb-spacing-left-small:1.92%;\"><div class=\"fusion-column-wrapper fusion-column-has-shadow fusion-flex-justify-content-flex-start fusion-content-layout-column\"><div class=\"fusion-title title fusion-title-1 fusion-sep-none fusion-title-text fusion-title-size-one\" style=\"--awb-text-color:var(--awb-color6);--awb-font-size:45px;\"><h1 class=\"fusion-title-heading title-heading-left\" style=\"font-family:&#039;Lucida Sans Unicode&#039;, &#039;Lucida Grande&#039;, sans-serif;font-style:normal;font-weight:400;margin:0;text-transform:uppercase;font-size:1em;\"><span style=\"color: #333399;\">Preise<\/span><\/h1><\/div><\/div><\/div><\/div><div class=\"fusion-text fusion-text-1\" style=\"--awb-text-color:var(--awb-color3);\"><p>Preise pro Nacht 2025<\/p>\n<\/div>\n<div class=\"table-1\">\n<table width=\"100%\">\n<thead>\n<tr>\n<th align=\"left\"><span style=\"color: #5d7545;\">Beschreibung<\/span><\/th>\n<th align=\"left\"><span style=\"color: #5d7545;\">Preis<\/span><\/th>\n<\/tr>\n<\/thead>\n<tbody>\n<tr>\n<td align=\"left\"><span style=\"color: #5d7545;\">Stellplatz Standard inkl. Campingausr\u00fcstung (Wohnmobil max. 3500 kg), 2 Personen, Auto, Nutzung von Warmwasser, WiFi, Strom 6A (4 Kwh\/Tag) und extra Zelt. (gro\u00dfer Stellplatz + \u20ac 2,50), von<\/span><\/td>\n<td align=\"left\"><span style=\"color: #5d7545;\">\u20ac25,50<\/span><\/td>\n<\/tr>\n<tr>\n<td align=\"left\"><span style=\"color: #5d7545;\">Stellplatz Standard -Hochsaison- inkl. &nbsp;Stellplatz (Wohnmobil max. 3500 kg), 2 Personen, Auto, Nutzung von Warmwasser, WiFi, Strom 6A (4 Kwh\/Tag) und extra Zelt. (gro\u00dfer Stellplatz + \u20ac 2,50), von<\/span><\/td>\n<td align=\"left\"><span style=\"color: #5d7545;\">\u20ac27,50<\/span><\/td>\n<\/tr>\n<tr>\n<td align=\"left\"><span style=\"color: #5d7545;\">Trekking-Zeltplatz (ohne Strom)<\/span><\/td>\n<td align=\"left\"><span style=\"color: #5d7545;\">\u20ac15,50<\/span><\/td>\n<\/tr>\n<tr>\n<td align=\"left\"><span style=\"color: #5d7545;\">Erm\u00e4\u00dfigter Stellplatz -SVR Nebensaison. (Hochsaison keine Erm\u00e4\u00dfigung)<\/span><\/td>\n<td align=\"left\"><span style=\"color: #5d7545;\">\u20ac1,25<\/span><\/td>\n<\/tr>\n<tr>\n<td align=\"left\"><span style=\"color: #5d7545;\">Zus\u00e4tzliche Person<\/span><\/td>\n<td align=\"left\"><span style=\"color: #5d7545;\">\u20ac4,75<\/span><\/td>\n<\/tr>\n<tr>\n<td align=\"left\"><span style=\"color: #5d7545;\">Kinder bis zu 4 Jahren<\/span><\/td>\n<td align=\"left\"><span style=\"color: #5d7545;\">\u20ac3,25<\/span><\/td>\n<\/tr>\n<tr>\n<td align=\"left\"><span style=\"color: #5d7545;\">Kinder 4 bis 14 Jahre<\/span><\/td>\n<td align=\"left\"><span style=\"color: #5d7545;\">\u20ac4,25<\/span><\/td>\n<\/tr>\n<tr>\n<td align=\"left\"><span style=\"color: #5d7545;\">Hund (max. 1 pro Stellplatz) (Kampfhunde nicht erlaubt!)<\/span><\/td>\n<td align=\"left\"><span style=\"color: #5d7545;\">\u20ac2,50<\/span><\/td>\n<\/tr>\n<tr>\n<td align=\"left\"><span style=\"color: #5d7545;\">Besucher<\/span><\/td>\n<td align=\"left\"><span style=\"color: #5d7545;\">\u20ac1,50<\/span><\/td>\n<\/tr>\n<tr>\n<td align=\"left\"><span style=\"color: #5d7545;\">&nbsp; Option: Strom 10A (6 Kwh\/Tag) extra pro Nacht<\/span><\/td>\n<td align=\"left\"><span style=\"color: #5d7545;\">\u20ac2,50<\/span><\/td>\n<\/tr>\n<tr>\n<td align=\"left\"><span style=\"color: #5d7545;\">&nbsp; Option: Strom 16A (8 Kwh\/Tag) extra pro Nacht<\/span><\/td>\n<td align=\"left\"><span style=\"color: #5d7545;\">\u20ac4,-<\/span><\/td>\n<\/tr>\n<tr>\n<td align=\"left\"><span style=\"color: #5d7545;\">Preis pro Kwh (f\u00fcr zus\u00e4tzlichen Verbrauch)<\/span><\/td>\n<td align=\"left\"><span style=\"color: #5d7545;\">\u20ac 0,55<\/span><\/td>\n<\/tr>\n<tr>\n<td align=\"left\"><span style=\"color: #5d7545;\">Reservierung mit Platzpr\u00e4ferenz<\/span><\/td>\n<td align=\"left\"><span style=\"color: #5d7545;\">\u20ac17,50<\/span><\/td>\n<\/tr>\n<\/tbody>\n<\/table>\n<\/div>\n<div class=\"fusion-text fusion-text-2\" style=\"--awb-text-color:var(--awb-color3);--awb-margin-top:25px;\"><div class=\"datagrid\">\n<p>&nbsp;<\/p>\n<p>Aufgrund von Umwelt- und Abfallgeb\u00fchren sind wir leider gezwungen, einen Aufschlag von \u20ac 0,60 pro Person\/Nacht zu berechnen. <b style=\"color: var(--awb-text-color); font-family: var(--awb-text-font-family); font-size: var(--awb-font-size); font-style: var(--awb-text-font-style); letter-spacing: var(--awb-letter-spacing); text-align: var(--awb-content-alignment); text-transform: var(--awb-text-transform); background-color: var(--awb-bg-color-medium-hover);\">Exklusive Kurtaxe \u20ac 2,10 p.p.p.n. <\/b><i style=\"color: var(--awb-text-color); font-family: var(--awb-text-font-family); letter-spacing: var(--awb-letter-spacing); text-align: var(--awb-content-alignment); text-transform: var(--awb-text-transform); background-color: var(--awb-bg-color-medium-hover);\"><span data-fusion-font=\"true\"><span style=\"font-size: 14px; font-weight: var(--awb-text-font-weight);\">(pro Person, pro Nacht)<\/span><\/span><\/i><b style=\"color: var(--awb-text-color); font-family: var(--awb-text-font-family); font-size: var(--awb-font-size); font-style: var(--awb-text-font-style); letter-spacing: var(--awb-letter-spacing); text-align: var(--awb-content-alignment); text-transform: var(--awb-text-transform); background-color: var(--awb-bg-color-medium-hover);\">ANMERKUNGEN. Bezahlen Sie mit IDeal, PIN oder Kreditkarte, <u>Barzahlung ist nicht m\u00f6glich!<\/u><\/b><\/p>\n<\/div>\n<\/div><div ><a class=\"fusion-button button-flat fusion-button-default-size button-custom fusion-button-default button-1 fusion-button-default-span fusion-button-default-type\" style=\"--button_accent_color:var(--awb-color1);--button_accent_hover_color:var(--awb-color1);--button_border_hover_color:var(--awb-color1);--button_gradient_top_color:var(--awb-color7);--button_gradient_bottom_color:var(--awb-color7);--button_gradient_top_color_hover:hsla(var(--awb-color5-h),calc(var(--awb-color5-s) - 5%),calc(var(--awb-color5-l) - 10%),var(--awb-color5-a));--button_gradient_bottom_color_hover:hsla(var(--awb-color5-h),calc(var(--awb-color5-s) - 5%),calc(var(--awb-color5-l) - 10%),var(--awb-color5-a));--button_text_transform:capitalize;\" target=\"_blank\" rel=\"noopener noreferrer\" href=\"https:\/\/www.zeevangshoeve.nl\/wp-content\/uploads\/2021\/02\/plattegrond-camping-2021.site_.pdf\"><span class=\"fusion-button-text awb-button__text awb-button__text--default\">Klicken Sie hier f\u00fcr die Karte des Campingplatzes<\/span><\/a><\/div><\/div><\/div><\/div><\/div><div class=\"fusion-fullwidth fullwidth-box fusion-builder-row-2 fusion-flex-container has-pattern-background has-mask-background nonhundred-percent-fullwidth non-hundred-percent-height-scrolling\" style=\"--awb-border-radius-top-left:0px;--awb-border-radius-top-right:0px;--awb-border-radius-bottom-right:0px;--awb-border-radius-bottom-left:0px;--awb-flex-wrap:wrap;\" ><div class=\"fusion-builder-row fusion-row fusion-flex-align-items-flex-start fusion-flex-content-wrap\" style=\"max-width:1372.8px;margin-left: calc(-4% \/ 2 );margin-right: calc(-4% \/ 2 );\"><div class=\"fusion-layout-column fusion_builder_column fusion-builder-column-1 fusion_builder_column_1_1 1_1 fusion-flex-column\" style=\"--awb-bg-size:cover;--awb-border-color:var(--awb-color7);--awb-border-top:15px;--awb-border-style:solid;--awb-width-large:100%;--awb-margin-top-large:0px;--awb-spacing-right-large:1.92%;--awb-margin-bottom-large:20px;--awb-spacing-left-large:1.92%;--awb-width-medium:100%;--awb-order-medium:0;--awb-spacing-right-medium:1.92%;--awb-spacing-left-medium:1.92%;--awb-width-small:100%;--awb-order-small:0;--awb-spacing-right-small:1.92%;--awb-spacing-left-small:1.92%;\"><div class=\"fusion-column-wrapper fusion-column-has-shadow fusion-flex-justify-content-flex-start fusion-content-layout-column\"><div class=\"fusion-title title fusion-title-2 fusion-sep-none fusion-title-text fusion-title-size-three\" style=\"--awb-text-color:var(--awb-color6);--awb-margin-top:0px;--awb-margin-bottom:5px;--awb-font-size:27px;\"><h3 class=\"fusion-title-heading title-heading-left\" style=\"font-family:&#039;Lucida Sans Unicode&#039;, &#039;Lucida Grande&#039;, sans-serif;font-style:normal;font-weight:400;margin:0;text-transform:uppercase;font-size:1em;\"><h4 class=\"fusion-title-heading title-heading-left fusion-live-editable medium-editor-element\" role=\"textbox\" contenteditable=\"true\" spellcheck=\"true\" data-inline-parent-cid=\"18\" data-inline-override-color=\"text_color\" data-inline-override-font-size=\"font_size\" data-inline-override-line-height=\"line_height\" data-inline-override-letter-spacing=\"letter_spacing\" data-inline-override-tag=\"size\" data-toolbar=\"full\" data-param=\"element_content\" data-medium-editor-element=\"true\" aria-multiline=\"true\" data-medium-editor-editor-index=\"1\" data-placeholder=\"Your Content Goes Here\" data-medium-focused=\"true\"><span style=\"color: #333399;\">DER CAMPINGPLATZ IST VOM 6. M\u00c4RZ 2026 BIS 20. OKTOBER 2026 GE\u00d6FFNET.<\/span><\/h4><\/h3><\/div><div class=\"fusion-text fusion-text-3\" style=\"--awb-text-color:var(--awb-color3);\"><ul>\n<li>\n<div><span style=\"font-family: tahoma, arial, verdana, sans-serif;\"><b>Check-in <\/b>Montag bis Samstag zwischen <strong>13.30<\/strong> und <strong>18.30 Uhr<\/strong>. Sonntag zwischen 12.00 und 12.30 Uhr oder nach 17.00 Uhr.<\/span><\/div>\n<\/li>\n<li>\n<div><span style=\"font-family: tahoma, arial, verdana, sans-serif;\"><b>Check-out<\/b>  Montag-Sonntag <strong>vor Mittag<\/strong>.<\/span><\/div>\n<\/li>\n<li>Hochsaison: Ostern, Himmelfahrt-Pfingsten &amp; 1. Juli bis 31. August 2026.<\/li>\n<li>Rezeption ge\u00f6ffnet Mo-Sa von 11-12 Uhr und 13.30-18.30 Uhr.<\/li>\n<li> Die Rezeption ist sonntags von 11.30 &#8211; 12.30 &amp; 18.00 &#8211; 19.00 Uhr ge\u00f6ffnet.<\/li>\n<li>Anzahlung: 50 % des Gesamtpreises, zahlbar bei der Reservierung. Der Restbetrag ist sp\u00e4testens 7 Tage vor Anreise zu begleichen.<\/li>\n<li>Achtung! Ihre Reservierung ist erst nach Zahlung der ersten Rate verbindlich.<\/li>\n<li>Im Falle einer Stornierung wird die Anzahlung nicht zur\u00fcckerstattet (Sie m\u00fcssen eine eigene R\u00fccktrittsversicherung abschlie\u00dfen)<\/li>\n<li>Kostenlose Buchungs\u00e4nderungen sind bis zu 7 Tage vor der Ankunft m\u00f6glich.<\/li>\n<\/ul>\n<\/div><\/div><\/div><\/div><\/div><\/p>\n","protected":false},"excerpt":{"rendered":"","protected":false},"author":3,"featured_media":0,"parent":0,"menu_order":0,"comment_status":"closed","ping_status":"closed","template":"100-width.php","meta":{"footnotes":""},"class_list":["post-2199","page","type-page","status-publish","hentry"],"_links":{"self":[{"href":"https:\/\/www.zeevangshoeve.nl\/de\/wp-json\/wp\/v2\/pages\/2199","targetHints":{"allow":["GET"]}}],"collection":[{"href":"https:\/\/www.zeevangshoeve.nl\/de\/wp-json\/wp\/v2\/pages"}],"about":[{"href":"https:\/\/www.zeevangshoeve.nl\/de\/wp-json\/wp\/v2\/types\/page"}],"author":[{"embeddable":true,"href":"https:\/\/www.zeevangshoeve.nl\/de\/wp-json\/wp\/v2\/users\/3"}],"replies":[{"embeddable":true,"href":"https:\/\/www.zeevangshoeve.nl\/de\/wp-json\/wp\/v2\/comments?post=2199"}],"version-history":[{"count":20,"href":"https:\/\/www.zeevangshoeve.nl\/de\/wp-json\/wp\/v2\/pages\/2199\/revisions"}],"predecessor-version":[{"id":3673,"href":"https:\/\/www.zeevangshoeve.nl\/de\/wp-json\/wp\/v2\/pages\/2199\/revisions\/3673"}],"wp:attachment":[{"href":"https:\/\/www.zeevangshoeve.nl\/de\/wp-json\/wp\/v2\/media?parent=2199"}],"curies":[{"name":"wp","href":"https:\/\/api.w.org\/{rel}","templated":true}]}}