{"id":2182,"date":"2024-02-13T19:26:19","date_gmt":"2024-02-13T18:26:19","guid":{"rendered":"https:\/\/www.zeevangshoeve.nl\/startseite\/"},"modified":"2025-08-26T16:17:33","modified_gmt":"2025-08-26T15:17:33","slug":"startseite","status":"publish","type":"page","link":"https:\/\/www.zeevangshoeve.nl\/de\/","title":{"rendered":"Startseite"},"content":{"rendered":"<p><div class=\"fusion-fullwidth fullwidth-box fusion-builder-row-1 fusion-flex-container has-pattern-background has-mask-background nonhundred-percent-fullwidth non-hundred-percent-height-scrolling\" style=\"--awb-border-radius-top-left:0px;--awb-border-radius-top-right:0px;--awb-border-radius-bottom-right:0px;--awb-border-radius-bottom-left:0px;--awb-padding-bottom:42px;--awb-margin-top:0px;--awb-min-height:350px;--awb-flex-wrap:wrap;\" ><div class=\"awb-background-slider\" data-type=\"container\" data-loop=\"yes\" data-animation=\"fade\" data-slideshow-speed=\"5000\" data-animation-speed=\"800\" data-direction=\"up\" style=\"--awb-image-position:50% 50%;\"><div class=\"swiper-wrapper\"><div class=\"swiper-slide\"><img decoding=\"async\" width=\"2560\" height=\"1440\" src=\"https:\/\/www.zeevangshoeve.nl\/wp-content\/uploads\/2024\/02\/shutterstock_713159677-scaled.jpg\" class=\"awb-background-slider__image\" alt=\"boerderijdieren\" srcset=\"https:\/\/www.zeevangshoeve.nl\/wp-content\/uploads\/2024\/02\/shutterstock_713159677-200x113.jpg 200w, https:\/\/www.zeevangshoeve.nl\/wp-content\/uploads\/2024\/02\/shutterstock_713159677-208x117.jpg 208w, https:\/\/www.zeevangshoeve.nl\/wp-content\/uploads\/2024\/02\/shutterstock_713159677-400x225.jpg 400w, https:\/\/www.zeevangshoeve.nl\/wp-content\/uploads\/2024\/02\/shutterstock_713159677-600x338.jpg 600w, https:\/\/www.zeevangshoeve.nl\/wp-content\/uploads\/2024\/02\/shutterstock_713159677-768x432.jpg 768w, https:\/\/www.zeevangshoeve.nl\/wp-content\/uploads\/2024\/02\/shutterstock_713159677-800x450.jpg 800w, https:\/\/www.zeevangshoeve.nl\/wp-content\/uploads\/2024\/02\/shutterstock_713159677-1024x576.jpg 1024w, https:\/\/www.zeevangshoeve.nl\/wp-content\/uploads\/2024\/02\/shutterstock_713159677-1200x675.jpg 1200w, https:\/\/www.zeevangshoeve.nl\/wp-content\/uploads\/2024\/02\/shutterstock_713159677-1536x864.jpg 1536w, https:\/\/www.zeevangshoeve.nl\/wp-content\/uploads\/2024\/02\/shutterstock_713159677-scaled.jpg 2560w\" sizes=\"(max-width: 2560px) 100vw, 2560px\" \/><\/div><div class=\"swiper-slide\"><img decoding=\"async\" width=\"1134\" height=\"850\" src=\"https:\/\/www.zeevangshoeve.nl\/wp-content\/uploads\/2017\/07\/20170718_ZvHoeve_0006Web-1.jpg\" class=\"awb-background-slider__image\" alt=\"\" srcset=\"https:\/\/www.zeevangshoeve.nl\/wp-content\/uploads\/2017\/07\/20170718_ZvHoeve_0006Web-1-200x150.jpg 200w, https:\/\/www.zeevangshoeve.nl\/wp-content\/uploads\/2017\/07\/20170718_ZvHoeve_0006Web-1-768x576.jpg 768w, https:\/\/www.zeevangshoeve.nl\/wp-content\/uploads\/2017\/07\/20170718_ZvHoeve_0006Web-1-1024x768.jpg 1024w, https:\/\/www.zeevangshoeve.nl\/wp-content\/uploads\/2017\/07\/20170718_ZvHoeve_0006Web-1.jpg 1134w\" sizes=\"(max-width: 1134px) 100vw, 1134px\" \/><\/div><div class=\"swiper-slide\"><img decoding=\"async\" width=\"2560\" height=\"1708\" src=\"https:\/\/www.zeevangshoeve.nl\/wp-content\/uploads\/2024\/02\/shutterstock_1871172046-scaled.jpg\" class=\"awb-background-slider__image\" alt=\"\" srcset=\"https:\/\/www.zeevangshoeve.nl\/wp-content\/uploads\/2024\/02\/shutterstock_1871172046-200x133.jpg 200w, https:\/\/www.zeevangshoeve.nl\/wp-content\/uploads\/2024\/02\/shutterstock_1871172046-208x139.jpg 208w, https:\/\/www.zeevangshoeve.nl\/wp-content\/uploads\/2024\/02\/shutterstock_1871172046-400x267.jpg 400w, https:\/\/www.zeevangshoeve.nl\/wp-content\/uploads\/2024\/02\/shutterstock_1871172046-600x400.jpg 600w, https:\/\/www.zeevangshoeve.nl\/wp-content\/uploads\/2024\/02\/shutterstock_1871172046-768x513.jpg 768w, https:\/\/www.zeevangshoeve.nl\/wp-content\/uploads\/2024\/02\/shutterstock_1871172046-800x534.jpg 800w, https:\/\/www.zeevangshoeve.nl\/wp-content\/uploads\/2024\/02\/shutterstock_1871172046-1024x683.jpg 1024w, https:\/\/www.zeevangshoeve.nl\/wp-content\/uploads\/2024\/02\/shutterstock_1871172046-1200x801.jpg 1200w, https:\/\/www.zeevangshoeve.nl\/wp-content\/uploads\/2024\/02\/shutterstock_1871172046-1536x1025.jpg 1536w, https:\/\/www.zeevangshoeve.nl\/wp-content\/uploads\/2024\/02\/shutterstock_1871172046-scaled.jpg 2560w\" sizes=\"(max-width: 2560px) 100vw, 2560px\" \/><\/div><div class=\"swiper-slide\"><img decoding=\"async\" width=\"3105\" height=\"2374\" src=\"https:\/\/www.zeevangshoeve.nl\/wp-content\/uploads\/2013\/08\/Zeevangshoeve-Edam-14.jpg\" class=\"awb-background-slider__image\" alt=\"\" srcset=\"https:\/\/www.zeevangshoeve.nl\/wp-content\/uploads\/2013\/08\/Zeevangshoeve-Edam-14-196x150.jpg 196w, https:\/\/www.zeevangshoeve.nl\/wp-content\/uploads\/2013\/08\/Zeevangshoeve-Edam-14-523x400.jpg 523w, https:\/\/www.zeevangshoeve.nl\/wp-content\/uploads\/2013\/08\/Zeevangshoeve-Edam-14-654x500.jpg 654w, https:\/\/www.zeevangshoeve.nl\/wp-content\/uploads\/2013\/08\/Zeevangshoeve-Edam-14-1024x782.jpg 1024w, https:\/\/www.zeevangshoeve.nl\/wp-content\/uploads\/2013\/08\/Zeevangshoeve-Edam-14.jpg 3105w\" sizes=\"(max-width: 3105px) 100vw, 3105px\" \/><\/div><div class=\"swiper-slide\"><img decoding=\"async\" width=\"2560\" height=\"1707\" src=\"https:\/\/www.zeevangshoeve.nl\/wp-content\/uploads\/2024\/02\/shutterstock_1046923264-scaled.jpg\" class=\"awb-background-slider__image\" alt=\"\" srcset=\"https:\/\/www.zeevangshoeve.nl\/wp-content\/uploads\/2024\/02\/shutterstock_1046923264-200x133.jpg 200w, https:\/\/www.zeevangshoeve.nl\/wp-content\/uploads\/2024\/02\/shutterstock_1046923264-208x139.jpg 208w, https:\/\/www.zeevangshoeve.nl\/wp-content\/uploads\/2024\/02\/shutterstock_1046923264-400x267.jpg 400w, https:\/\/www.zeevangshoeve.nl\/wp-content\/uploads\/2024\/02\/shutterstock_1046923264-600x400.jpg 600w, https:\/\/www.zeevangshoeve.nl\/wp-content\/uploads\/2024\/02\/shutterstock_1046923264-768x512.jpg 768w, https:\/\/www.zeevangshoeve.nl\/wp-content\/uploads\/2024\/02\/shutterstock_1046923264-800x533.jpg 800w, https:\/\/www.zeevangshoeve.nl\/wp-content\/uploads\/2024\/02\/shutterstock_1046923264-1024x683.jpg 1024w, https:\/\/www.zeevangshoeve.nl\/wp-content\/uploads\/2024\/02\/shutterstock_1046923264-1200x800.jpg 1200w, https:\/\/www.zeevangshoeve.nl\/wp-content\/uploads\/2024\/02\/shutterstock_1046923264-1536x1024.jpg 1536w, https:\/\/www.zeevangshoeve.nl\/wp-content\/uploads\/2024\/02\/shutterstock_1046923264-scaled.jpg 2560w\" sizes=\"(max-width: 2560px) 100vw, 2560px\" \/><\/div><\/div><\/div><div class=\"fusion-builder-row fusion-row fusion-flex-align-items-center fusion-flex-align-content-flex-end fusion-flex-justify-content-center fusion-flex-content-wrap\" style=\"max-width:1372.8px;margin-left: calc(-4% \/ 2 );margin-right: calc(-4% \/ 2 );\"><div class=\"fusion-layout-column fusion_builder_column fusion-builder-column-0 fusion-flex-column\" style=\"--awb-bg-size:cover;--awb-width-large:12%;--awb-margin-top-large:0px;--awb-spacing-right-large:16%;--awb-margin-bottom-large:20px;--awb-spacing-left-large:16%;--awb-width-medium:12%;--awb-order-medium:0;--awb-spacing-right-medium:16%;--awb-spacing-left-medium:16%;--awb-width-small:100%;--awb-order-small:0;--awb-spacing-right-small:1.92%;--awb-spacing-left-small:1.92%;\" data-scroll-devices=\"small-visibility,medium-visibility,large-visibility\"><div class=\"fusion-column-wrapper fusion-column-has-shadow fusion-flex-justify-content-flex-start fusion-content-layout-column\"><\/div><\/div><div class=\"fusion-layout-column fusion_builder_column fusion-builder-column-1 fusion_builder_column_3_4 3_4 fusion-flex-column\" style=\"--awb-padding-top:64px;--awb-bg-size:cover;--awb-width-large:75%;--awb-margin-top-large:0px;--awb-spacing-right-large:2.56%;--awb-margin-bottom-large:20px;--awb-spacing-left-large:2.56%;--awb-width-medium:75%;--awb-order-medium:0;--awb-spacing-right-medium:2.56%;--awb-spacing-left-medium:2.56%;--awb-width-small:100%;--awb-order-small:0;--awb-spacing-right-small:1.92%;--awb-spacing-left-small:1.92%;\"><div class=\"fusion-column-wrapper fusion-column-has-shadow fusion-flex-justify-content-flex-start fusion-content-layout-column\"><div class=\"fusion-title title fusion-title-1 fusion-sep-none fusion-title-center fusion-title-highlight fusion-animate-once fusion-highlight-underline fusion-title-size-one\" style=\"--awb-text-color:var(--awb-color2);--awb-font-size:50px;\" data-highlight=\"underline\"><h1 class=\"fusion-title-heading title-heading-center\" style=\"font-family:&#039;Lucida Sans Unicode&#039;, &#039;Lucida Grande&#039;, sans-serif;font-style:normal;font-weight:700;margin:0;font-size:1em;text-shadow:2px 2px 1px var(--awb-color3);\"><span class=\"fusion-highlighted-text-prefix\">Camping<\/span> <span class=\"fusion-highlighted-text-wrapper\"><span class=\"fusion-highlighted-text\" style=\"color:var(--awb-color2);\">Zeevangshoeve<\/span><svg xmlns=\"http:\/\/www.w3.org\/2000\/svg\" viewBox=\"0 0 500 150\" preserveAspectRatio=\"none\"><path d=\"M8.1,146.2c0,0,240.6-55.6,479-13.8\"><\/path><\/svg><\/span> <span class=\"fusion-highlighted-text-postfix\"><\/span><\/h1><\/div><div class=\"fusion-text fusion-text-1\" style=\"--awb-font-size:20px;--awb-text-color:var(--awb-color2);--awb-margin-top:15px;--awb-text-font-family:&#039;Lucida Sans Unicode&#039;, &#039;Lucida Grande&#039;, sans-serif;--awb-text-font-style:normal;--awb-text-font-weight:700;\"><p style=\"text-align: center;\">Erleben Sie die Natur!<\/p>\n<\/div><\/div><\/div><div class=\"fusion-layout-column fusion_builder_column fusion-builder-column-2 fusion-flex-column\" style=\"--awb-bg-size:cover;--awb-width-large:12%;--awb-margin-top-large:0px;--awb-spacing-right-large:16%;--awb-margin-bottom-large:20px;--awb-spacing-left-large:16%;--awb-width-medium:12%;--awb-order-medium:0;--awb-spacing-right-medium:16%;--awb-spacing-left-medium:16%;--awb-width-small:100%;--awb-order-small:0;--awb-spacing-right-small:1.92%;--awb-spacing-left-small:1.92%;\" data-scroll-devices=\"small-visibility,medium-visibility,large-visibility\"><div class=\"fusion-column-wrapper fusion-column-has-shadow fusion-flex-justify-content-flex-start fusion-content-layout-column\"><\/div><\/div><\/div><\/div><div class=\"fusion-fullwidth fullwidth-box fusion-builder-row-2 fusion-flex-container has-pattern-background has-mask-background nonhundred-percent-fullwidth non-hundred-percent-height-scrolling\" style=\"--awb-border-radius-top-left:0px;--awb-border-radius-top-right:0px;--awb-border-radius-bottom-right:0px;--awb-border-radius-bottom-left:0px;--awb-padding-top:25px;--awb-flex-wrap:wrap;\" ><div class=\"fusion-builder-row fusion-row fusion-flex-align-items-flex-start fusion-flex-content-wrap\" style=\"max-width:1372.8px;margin-left: calc(-4% \/ 2 );margin-right: calc(-4% \/ 2 );\"><div class=\"fusion-layout-column fusion_builder_column fusion-builder-column-3 fusion-flex-column\" style=\"--awb-bg-size:cover;--awb-width-large:12%;--awb-margin-top-large:0px;--awb-spacing-right-large:16%;--awb-margin-bottom-large:20px;--awb-spacing-left-large:16%;--awb-width-medium:12%;--awb-order-medium:0;--awb-spacing-right-medium:16%;--awb-spacing-left-medium:16%;--awb-width-small:100%;--awb-order-small:0;--awb-spacing-right-small:1.92%;--awb-spacing-left-small:1.92%;\" data-scroll-devices=\"small-visibility,medium-visibility,large-visibility\"><div class=\"fusion-column-wrapper fusion-column-has-shadow fusion-flex-justify-content-flex-start fusion-content-layout-column\"><\/div><\/div><div class=\"fusion-layout-column fusion_builder_column fusion-builder-column-4 fusion_builder_column_3_4 3_4 fusion-flex-column\" style=\"--awb-bg-size:cover;--awb-width-large:75%;--awb-margin-top-large:0px;--awb-spacing-right-large:2.56%;--awb-margin-bottom-large:20px;--awb-spacing-left-large:2.56%;--awb-width-medium:75%;--awb-order-medium:0;--awb-spacing-right-medium:2.56%;--awb-spacing-left-medium:2.56%;--awb-width-small:100%;--awb-order-small:0;--awb-spacing-right-small:1.92%;--awb-spacing-left-small:1.92%;\"><div class=\"fusion-column-wrapper fusion-column-has-shadow fusion-flex-justify-content-flex-start fusion-content-layout-column\"><div class=\"fusion-title title fusion-title-2 fusion-sep-none fusion-title-center fusion-title-text fusion-title-size-four\"><h4 class=\"fusion-title-heading title-heading-center\" style=\"font-family:&#039;Lucida Sans Unicode&#039;, &#039;Lucida Grande&#039;, sans-serif;font-style:normal;font-weight:700;margin:0;\">Pr\u00fcfen Sie hier unsere Verf\u00fcgbarkeit<\/h4><\/div><tommy-widget data-widget=\"mini\" data-api-token=\"Zeevangshoeve:77459b9b941bcb4714d0c121313c900ecf30541d158eb2b9b178cdb8eca6457e\" data-language=\"de\" data-collapse=\"true\" data-base-redirect-url=\"http:\/\/zeevangshoeve.nl\/de\/zoek-en-boek\/\">\n>\n\n<\/tommy-widget>\n\n \n\n \n\n<script src=\"https:\/\/api.tommybookingsupport.com\/widgets\/zoekenboek\/js\/init.js\"><\/script>\n    <\/body>\n<\/html><\/div><\/div><div class=\"fusion-layout-column fusion_builder_column fusion-builder-column-5 fusion-flex-column\" style=\"--awb-bg-size:cover;--awb-width-large:12%;--awb-margin-top-large:0px;--awb-spacing-right-large:16%;--awb-margin-bottom-large:20px;--awb-spacing-left-large:16%;--awb-width-medium:12%;--awb-order-medium:0;--awb-spacing-right-medium:16%;--awb-spacing-left-medium:16%;--awb-width-small:100%;--awb-order-small:0;--awb-spacing-right-small:1.92%;--awb-spacing-left-small:1.92%;\" data-scroll-devices=\"small-visibility,medium-visibility,large-visibility\"><div class=\"fusion-column-wrapper fusion-column-has-shadow fusion-flex-justify-content-flex-start fusion-content-layout-column\"><\/div><\/div><\/div><\/div><div class=\"fusion-fullwidth fullwidth-box fusion-builder-row-3 fusion-flex-container has-pattern-background has-mask-background nonhundred-percent-fullwidth non-hundred-percent-height-scrolling\" style=\"--awb-border-radius-top-left:0px;--awb-border-radius-top-right:0px;--awb-border-radius-bottom-right:0px;--awb-border-radius-bottom-left:0px;--awb-margin-top:40px;--awb-margin-bottom:40px;--awb-flex-wrap:wrap;\" ><div class=\"fusion-builder-row fusion-row fusion-flex-align-items-flex-start fusion-flex-content-wrap\" style=\"max-width:1372.8px;margin-left: calc(-4% \/ 2 );margin-right: calc(-4% \/ 2 );\"><div class=\"fusion-layout-column fusion_builder_column fusion-builder-column-6 fusion_builder_column_1_2 1_2 fusion-flex-column\" style=\"--awb-bg-size:cover;--awb-width-large:50%;--awb-margin-top-large:0px;--awb-spacing-right-large:3.84%;--awb-margin-bottom-large:20px;--awb-spacing-left-large:3.84%;--awb-width-medium:50%;--awb-order-medium:0;--awb-spacing-right-medium:3.84%;--awb-spacing-left-medium:3.84%;--awb-width-small:100%;--awb-order-small:0;--awb-spacing-right-small:1.92%;--awb-spacing-left-small:1.92%;\"><div class=\"fusion-column-wrapper fusion-column-has-shadow fusion-flex-justify-content-flex-start fusion-content-layout-column\"><div class=\"fusion-text fusion-text-2\" style=\"--awb-text-color:var(--awb-color3);\"><div class=\"flex-1 overflow-hidden\">\n<div class=\"react-scroll-to-bottom--css-nynla-79elbk h-full\">\n<div class=\"react-scroll-to-bottom--css-nynla-1n7m0yu\">\n<div class=\"flex flex-col text-sm pb-9\">\n<div class=\"w-full text-token-text-primary\" data-testid=\"conversation-turn-11\">\n<div class=\"px-4 py-2 justify-center text-base md:gap-6 m-auto\">\n<div class=\"flex flex-1 text-base mx-auto gap-3 md:px-5 lg:px-1 xl:px-5 md:max-w-3xl lg:max-w-&#091;40rem&#093; xl:max-w-&#091;48rem&#093; group final-completion\">\n<div class=\"relative flex w-full flex-col agent-turn\">\n<div class=\"flex-col gap-1 md:gap-3\">\n<div class=\"flex flex-grow flex-col max-w-full\">\n<div class=\"min-h-&#091;20px&#093; text-message flex flex-col items-start gap-3 whitespace-pre-wrap break-words &#091;.text-message+&amp;&#093;:mt-5 overflow-x-auto\" data-message-author-role=\"assistant\" data-message-id=\"431e93bb-570e-42b5-8a1c-fafa373de5b8\">\n<div class=\"markdown prose w-full break-words dark:prose-invert light\">\n<p style=\"text-align: center;\">Willkommen auf dem Campingplatz Zeevangshoeve, dem sch\u00f6nsten Bauerncampingplatz in Edam!<\/p>\n<p style=\"text-align: center;\">Camping &amp; Tiere<\/p>\n<p>Eine gute Kombination! Die sch\u00f6nsten Erinnerungen entstehen aus den kleinen Dingen. Urlaub in der Natur ist der sch\u00f6nste und ges\u00fcndeste Weg, um komplett zu entschleunigen und neue Erinnerungen zu schaffen. Mal weg vom hektischen Leben. Ein Moment ganz f\u00fcr dich, deine Familie oder zu zweit.<\/p>\n<p>Au\u00dferhalb der Saison findest du bei uns die ganze Ruhe mitten in der Natur, w\u00e4hrend der Schulferien ist unser Campingplatz gem\u00fctlich belebt und ein wahres Paradies f\u00fcr Familien mit Kindern.<\/p>\n<p>Unser Campingplatz verf\u00fcgt \u00fcber 25 ger\u00e4umige Stellpl\u00e4tze f\u00fcr Wohnwagen, Wohnmobile oder Zelte. Luxuri\u00f6se und kostenlose Sanit\u00e4ranlagen sowie kostenloses WLAN sind vorhanden. F\u00fcr die Kinder gibt es einen Trampolin, eine Schaukel, eine Rutsche, verschiedene Tretautos und Trecker sowie nat\u00fcrlich die Tiere zum Streicheln. Es gibt K\u00fche, K\u00e4lber, Schafe, Ziegen, Kaninchen, ein Schwein, H\u00fchner und Alpakas.<\/p>\n<p>Der Campingplatz liegt zentral in Nordholland, in Geh- \/ Fahrradentfernung von Edam &amp; Volendam, mitten zwischen den Wiesen am Deich des Markermeers. Morgens werdet ihr von fr\u00f6hlichen V\u00f6geln geweckt und abends k\u00f6nnt ihr den Sonnenuntergang genie\u00dfen. Also campen im Gr\u00fcnen, aber in der N\u00e4he von gem\u00fctlichen St\u00e4dten und D\u00f6rfern. Selbst Amsterdam ist innerhalb von 25 Minuten erreichbar. Erkundet die malerische Umgebung mit weiten Aussichten per Fahrrad (Fahrrad- und Wanderwege vorhanden) oder genie\u00dft Wassersportvergn\u00fcgen auf und um das Markermeer.<\/p>\n<p>Seid herzlich willkommen und lasst euch von unserem Campingplatz und der Umgebung \u00fcberraschen!<\/p>\n<p>Viele Gr\u00fc\u00dfe, Suzanne &amp; Ineke<\/p>\n<\/div>\n<\/div>\n<\/div>\n<div class=\"mt-1 flex justify-start gap-3 empty:hidden\">\n<div class=\"text-gray-400 flex self-end lg:self-center justify-center lg:justify-start mt-0 -ml-1 h-7 visible\">\n<p>&nbsp;<\/p>\n<div class=\"flex items-center gap-1.5 text-xs\"><\/div>\n<div class=\"flex\"><\/div>\n<\/div>\n<\/div>\n<div class=\"pr-2 lg:pr-0\"><\/div>\n<\/div>\n<div class=\"absolute\">\n<div class=\"flex w-full gap-2 items-center justify-center\"><\/div>\n<\/div>\n<\/div>\n<\/div>\n<\/div>\n<\/div>\n<\/div>\n<\/div>\n<\/div>\n<\/div>\n<div class=\"w-full pt-2 md:pt-0 dark:border-white\/20 md:border-transparent md:dark:border-transparent md:w-&#091;calc(100%-.5rem)&#093;\">\n<form class=\"stretch mx-2 flex flex-row gap-3 last:mb-2 md:mx-4 md:last:mb-6 lg:mx-auto lg:max-w-2xl xl:max-w-3xl\">\n<div class=\"relative flex h-full flex-1 flex-col\">\n<div class=\"flex w-full items-center\"><\/div>\n<\/div>\n<\/form>\n<\/div>\n<\/div><\/div><\/div><div class=\"fusion-layout-column fusion_builder_column fusion-builder-column-7 fusion_builder_column_1_2 1_2 fusion-flex-column\" style=\"--awb-bg-size:cover;--awb-width-large:50%;--awb-margin-top-large:0px;--awb-spacing-right-large:3.84%;--awb-margin-bottom-large:20px;--awb-spacing-left-large:3.84%;--awb-width-medium:50%;--awb-order-medium:0;--awb-spacing-right-medium:3.84%;--awb-spacing-left-medium:3.84%;--awb-width-small:100%;--awb-order-small:0;--awb-spacing-right-small:1.92%;--awb-spacing-left-small:1.92%;\"><div class=\"fusion-column-wrapper fusion-column-has-shadow fusion-flex-justify-content-flex-start fusion-content-layout-column\"><div class=\"fusion-image-element \" style=\"--awb-caption-title-font-family:var(--h2_typography-font-family);--awb-caption-title-font-weight:var(--h2_typography-font-weight);--awb-caption-title-font-style:var(--h2_typography-font-style);--awb-caption-title-size:var(--h2_typography-font-size);--awb-caption-title-transform:var(--h2_typography-text-transform);--awb-caption-title-line-height:var(--h2_typography-line-height);--awb-caption-title-letter-spacing:var(--h2_typography-letter-spacing);\"><span class=\" fusion-imageframe imageframe-none imageframe-1 hover-type-none\"><img decoding=\"async\" width=\"640\" height=\"480\" alt=\"1\" title=\"1\" src=\"https:\/\/www.zeevangshoeve.nl\/wp-content\/uploads\/2023\/05\/fcc84e36-ae29-4d95-bcfa-2256001ad10c.jpg\" class=\"img-responsive wp-image-2024\" srcset=\"https:\/\/www.zeevangshoeve.nl\/wp-content\/uploads\/2023\/05\/fcc84e36-ae29-4d95-bcfa-2256001ad10c-200x150.jpg 200w, https:\/\/www.zeevangshoeve.nl\/wp-content\/uploads\/2023\/05\/fcc84e36-ae29-4d95-bcfa-2256001ad10c.jpg 640w\" sizes=\"(max-width: 640px) 100vw, 640px\" \/><\/span><\/div><\/div><\/div><\/div><\/div><\/p>\n","protected":false},"excerpt":{"rendered":"","protected":false},"author":3,"featured_media":0,"parent":0,"menu_order":0,"comment_status":"closed","ping_status":"closed","template":"100-width.php","meta":{"footnotes":""},"class_list":["post-2182","page","type-page","status-publish","hentry"],"_links":{"self":[{"href":"https:\/\/www.zeevangshoeve.nl\/de\/wp-json\/wp\/v2\/pages\/2182","targetHints":{"allow":["GET"]}}],"collection":[{"href":"https:\/\/www.zeevangshoeve.nl\/de\/wp-json\/wp\/v2\/pages"}],"about":[{"href":"https:\/\/www.zeevangshoeve.nl\/de\/wp-json\/wp\/v2\/types\/page"}],"author":[{"embeddable":true,"href":"https:\/\/www.zeevangshoeve.nl\/de\/wp-json\/wp\/v2\/users\/3"}],"replies":[{"embeddable":true,"href":"https:\/\/www.zeevangshoeve.nl\/de\/wp-json\/wp\/v2\/comments?post=2182"}],"version-history":[{"count":34,"href":"https:\/\/www.zeevangshoeve.nl\/de\/wp-json\/wp\/v2\/pages\/2182\/revisions"}],"predecessor-version":[{"id":3642,"href":"https:\/\/www.zeevangshoeve.nl\/de\/wp-json\/wp\/v2\/pages\/2182\/revisions\/3642"}],"wp:attachment":[{"href":"https:\/\/www.zeevangshoeve.nl\/de\/wp-json\/wp\/v2\/media?parent=2182"}],"curies":[{"name":"wp","href":"https:\/\/api.w.org\/{rel}","templated":true}]}}