{"id":2163,"date":"2024-02-13T20:18:43","date_gmt":"2024-02-13T19:18:43","guid":{"rendered":"https:\/\/www.zeevangshoeve.nl\/standort\/"},"modified":"2024-03-09T18:15:35","modified_gmt":"2024-03-09T17:15:35","slug":"standort","status":"publish","type":"page","link":"https:\/\/www.zeevangshoeve.nl\/de\/standort\/","title":{"rendered":"Standort"},"content":{"rendered":"<p><div class=\"fusion-fullwidth fullwidth-box fusion-builder-row-1 fusion-flex-container has-pattern-background has-mask-background nonhundred-percent-fullwidth non-hundred-percent-height-scrolling\" style=\"--awb-border-radius-top-left:0px;--awb-border-radius-top-right:0px;--awb-border-radius-bottom-right:0px;--awb-border-radius-bottom-left:0px;--awb-flex-wrap:wrap;\" ><div class=\"fusion-builder-row fusion-row fusion-flex-align-items-flex-start fusion-flex-content-wrap\" style=\"max-width:1372.8px;margin-left: calc(-4% \/ 2 );margin-right: calc(-4% \/ 2 );\"><div class=\"fusion-layout-column fusion_builder_column fusion-builder-column-0 fusion_builder_column_1_1 1_1 fusion-flex-column\" style=\"--awb-bg-size:cover;--awb-width-large:100%;--awb-margin-top-large:0px;--awb-spacing-right-large:1.92%;--awb-margin-bottom-large:20px;--awb-spacing-left-large:1.92%;--awb-width-medium:100%;--awb-order-medium:0;--awb-spacing-right-medium:1.92%;--awb-spacing-left-medium:1.92%;--awb-width-small:100%;--awb-order-small:0;--awb-spacing-right-small:1.92%;--awb-spacing-left-small:1.92%;\"><div class=\"fusion-column-wrapper fusion-column-has-shadow fusion-flex-justify-content-flex-start fusion-content-layout-column\"><div class=\"fusion-builder-row fusion-builder-row-inner fusion-row fusion-flex-align-items-flex-start fusion-flex-content-wrap\" style=\"width:104% !important;max-width:104% !important;margin-left: calc(-4% \/ 2 );margin-right: calc(-4% \/ 2 );\"><div class=\"fusion-layout-column fusion_builder_column_inner fusion-builder-nested-column-0 fusion_builder_column_inner_3_4 3_4 fusion-flex-column\" style=\"--awb-bg-size:cover;--awb-width-large:75%;--awb-margin-top-large:0px;--awb-spacing-right-large:2.56%;--awb-margin-bottom-large:20px;--awb-spacing-left-large:2.56%;--awb-width-medium:75%;--awb-order-medium:0;--awb-spacing-right-medium:2.56%;--awb-spacing-left-medium:2.56%;--awb-width-small:100%;--awb-order-small:0;--awb-spacing-right-small:1.92%;--awb-spacing-left-small:1.92%;\"><div class=\"fusion-column-wrapper fusion-column-has-shadow fusion-flex-justify-content-flex-start fusion-content-layout-column\"><div class=\"fusion-title title fusion-title-1 fusion-sep-none fusion-title-text fusion-title-size-one\" style=\"--awb-text-color:var(--awb-color6);--awb-font-size:45px;\"><h1 class=\"fusion-title-heading title-heading-left\" style=\"font-family:&#039;Lucida Sans Unicode&#039;, &#039;Lucida Grande&#039;, sans-serif;font-style:normal;font-weight:400;margin:0;text-transform:uppercase;font-size:1em;\">Standort<\/h1><\/div><\/div><\/div><\/div><div class=\"fusion-text fusion-text-1\" style=\"--awb-text-color:var(--awb-color3);\"><p>Nur 20 Kilometer n\u00f6rdlich von Amsterdam, direkt am IJsselmeer gelegen, befindet sich die ehemalige Zuiderzee.<\/p>\n<p>Eine Stadt aus dem 12. Jahrhundert, die ihre Besucher positiv \u00fcberraschen wird! Nicht weniger als 177 nationale Denkm\u00e4ler, eine Vielzahl von Sehensw\u00fcrdigkeiten, ungew\u00f6hnliche Spezialit\u00e4tengesch\u00e4fte und gastfreundliche Restaurants.<\/p>\n<p>Die K\u00e4sestadt blickt auf eine reiche Geschichte des Schiffbaus und des Handelsgeistes zur\u00fcck. Eine Stadt mit charakteristischen Fassaden, den Speeltoren mit Glockenspiel, dem Postamt und ungew\u00f6hnlichen Kirchen. Aber auch die Stadt mit 27 Br\u00fccken, darunter die meistfotografierte Br\u00fccke der Niederlande, die Kwakelbrug&#8220;.<\/p>\n<p>Dar\u00fcber hinaus ist Edam eine Stadt mit Traditionen und aktiven Einwohnern. Dazu geh\u00f6ren die sommerlichen K\u00e4sem\u00e4rkte (Juli und August), der Wassertag mit dem gr\u00f6\u00dften freien Markt in Nordholland, der Musiktag, die Piano-Route, der Walk About Music, die Matth\u00e4us-Passion und viele andere Aktivit\u00e4ten.<\/p>\n<p>Edam l\u00e4sst sich am besten zu Fu\u00df erkunden. Machen Sie einen gem\u00fctlichen Spaziergang vorbei an den Herrenh\u00e4usern am Voorhaven und Nieuwe Haven oder entlang der Grachten mit ehemaligen Arbeiterh\u00e4usern und st\u00e4dtischen Bauernh\u00f6fen.<\/p>\n<p>Besuchen Sie die Grote Kerk, die gr\u00f6\u00dfte Hallenkirche Westeuropas, mit ihren Buntglasfenstern, dem K\u00e4sewaagehaus und den Museen.<\/p>\n<\/div><\/div><\/div><\/div><\/div><div class=\"fusion-fullwidth fullwidth-box fusion-builder-row-2 fusion-flex-container has-pattern-background has-mask-background nonhundred-percent-fullwidth non-hundred-percent-height-scrolling\" style=\"--awb-border-radius-top-left:0px;--awb-border-radius-top-right:0px;--awb-border-radius-bottom-right:0px;--awb-border-radius-bottom-left:0px;--awb-flex-wrap:wrap;\" ><div class=\"fusion-builder-row fusion-row fusion-flex-align-items-flex-start fusion-flex-content-wrap\" style=\"max-width:1372.8px;margin-left: calc(-4% \/ 2 );margin-right: calc(-4% \/ 2 );\"><div class=\"fusion-layout-column fusion_builder_column fusion-builder-column-1 fusion_builder_column_1_1 1_1 fusion-flex-column fusion-flex-align-self-center\" style=\"--awb-bg-size:cover;--awb-width-large:100%;--awb-margin-top-large:0px;--awb-spacing-right-large:1.92%;--awb-margin-bottom-large:20px;--awb-spacing-left-large:1.92%;--awb-width-medium:100%;--awb-order-medium:0;--awb-spacing-right-medium:1.92%;--awb-spacing-left-medium:1.92%;--awb-width-small:100%;--awb-order-small:0;--awb-spacing-right-small:1.92%;--awb-spacing-left-small:1.92%;\"><div class=\"fusion-column-wrapper fusion-column-has-shadow fusion-flex-justify-content-center fusion-content-layout-column\"><div class=\"fusion-builder-row fusion-builder-row-inner fusion-row fusion-flex-align-items-flex-start fusion-flex-content-wrap\" style=\"width:104% !important;max-width:104% !important;margin-left: calc(-4% \/ 2 );margin-right: calc(-4% \/ 2 );\"><div class=\"fusion-layout-column fusion_builder_column_inner fusion-builder-nested-column-1 fusion_builder_column_inner_1_3 1_3 fusion-flex-column\" style=\"--awb-bg-size:cover;--awb-width-large:33.3333333333%;--awb-margin-top-large:0px;--awb-spacing-right-large:5.76%;--awb-margin-bottom-large:20px;--awb-spacing-left-large:5.76%;--awb-width-medium:33.3333333333%;--awb-order-medium:0;--awb-spacing-right-medium:5.76%;--awb-spacing-left-medium:5.76%;--awb-width-small:100%;--awb-order-small:0;--awb-spacing-right-small:1.92%;--awb-spacing-left-small:1.92%;\"><div class=\"fusion-column-wrapper fusion-column-has-shadow fusion-flex-justify-content-flex-start fusion-content-layout-column\"><div class=\"fusion-image-element \" style=\"text-align:center;--awb-aspect-ratio: 100 \/ 80;--awb-caption-title-font-family:var(--h2_typography-font-family);--awb-caption-title-font-weight:var(--h2_typography-font-weight);--awb-caption-title-font-style:var(--h2_typography-font-style);--awb-caption-title-size:var(--h2_typography-font-size);--awb-caption-title-transform:var(--h2_typography-text-transform);--awb-caption-title-line-height:var(--h2_typography-line-height);--awb-caption-title-letter-spacing:var(--h2_typography-letter-spacing);\"><span class=\" fusion-imageframe imageframe-none imageframe-1 hover-type-none has-aspect-ratio\"><img decoding=\"async\" width=\"2560\" height=\"1707\" alt=\"Edamer\" title=\"Edam,,Netherlands,,August,10,,2022;,Traditional,Horse,And,Carriage,With\" src=\"https:\/\/www.zeevangshoeve.nl\/wp-content\/uploads\/2024\/02\/shutterstock_2189327533-scaled.jpg\" class=\"img-responsive wp-image-2073 img-with-aspect-ratio\" data-parent-fit=\"cover\" data-parent-container=\".fusion-image-element\" srcset=\"https:\/\/www.zeevangshoeve.nl\/wp-content\/uploads\/2024\/02\/shutterstock_2189327533-200x133.jpg 200w, https:\/\/www.zeevangshoeve.nl\/wp-content\/uploads\/2024\/02\/shutterstock_2189327533-400x267.jpg 400w, https:\/\/www.zeevangshoeve.nl\/wp-content\/uploads\/2024\/02\/shutterstock_2189327533-600x400.jpg 600w, https:\/\/www.zeevangshoeve.nl\/wp-content\/uploads\/2024\/02\/shutterstock_2189327533-800x533.jpg 800w, https:\/\/www.zeevangshoeve.nl\/wp-content\/uploads\/2024\/02\/shutterstock_2189327533-1200x800.jpg 1200w, https:\/\/www.zeevangshoeve.nl\/wp-content\/uploads\/2024\/02\/shutterstock_2189327533-scaled.jpg 2560w\" sizes=\"(max-width: 640px) 100vw, 400px\" \/><\/span><\/div><\/div><\/div><div class=\"fusion-layout-column fusion_builder_column_inner fusion-builder-nested-column-2 fusion_builder_column_inner_1_3 1_3 fusion-flex-column\" style=\"--awb-bg-size:cover;--awb-width-large:33.3333333333%;--awb-margin-top-large:0px;--awb-spacing-right-large:5.76%;--awb-margin-bottom-large:20px;--awb-spacing-left-large:5.76%;--awb-width-medium:33.3333333333%;--awb-order-medium:0;--awb-spacing-right-medium:5.76%;--awb-spacing-left-medium:5.76%;--awb-width-small:100%;--awb-order-small:0;--awb-spacing-right-small:1.92%;--awb-spacing-left-small:1.92%;\"><div class=\"fusion-column-wrapper fusion-column-has-shadow fusion-flex-justify-content-flex-start fusion-content-layout-column\"><div class=\"fusion-image-element \" style=\"text-align:center;--awb-aspect-ratio: 100 \/ 80;--awb-caption-title-font-family:var(--h2_typography-font-family);--awb-caption-title-font-weight:var(--h2_typography-font-weight);--awb-caption-title-font-style:var(--h2_typography-font-style);--awb-caption-title-size:var(--h2_typography-font-size);--awb-caption-title-transform:var(--h2_typography-text-transform);--awb-caption-title-line-height:var(--h2_typography-line-height);--awb-caption-title-letter-spacing:var(--h2_typography-letter-spacing);\"><span class=\" fusion-imageframe imageframe-none imageframe-2 hover-type-none has-aspect-ratio\"><img decoding=\"async\" width=\"2560\" height=\"1752\" alt=\"Volendam\" title=\"Volendam,,Netherlands.,Small,Town,Fishing,Village,In,North,Holland,Near\" src=\"https:\/\/www.zeevangshoeve.nl\/wp-content\/uploads\/2024\/02\/shutterstock_1996951004-scaled.jpg\" class=\"img-responsive wp-image-2066 img-with-aspect-ratio\" data-parent-fit=\"cover\" data-parent-container=\".fusion-image-element\" srcset=\"https:\/\/www.zeevangshoeve.nl\/wp-content\/uploads\/2024\/02\/shutterstock_1996951004-200x137.jpg 200w, https:\/\/www.zeevangshoeve.nl\/wp-content\/uploads\/2024\/02\/shutterstock_1996951004-400x274.jpg 400w, https:\/\/www.zeevangshoeve.nl\/wp-content\/uploads\/2024\/02\/shutterstock_1996951004-600x411.jpg 600w, https:\/\/www.zeevangshoeve.nl\/wp-content\/uploads\/2024\/02\/shutterstock_1996951004-800x548.jpg 800w, https:\/\/www.zeevangshoeve.nl\/wp-content\/uploads\/2024\/02\/shutterstock_1996951004-1200x821.jpg 1200w, https:\/\/www.zeevangshoeve.nl\/wp-content\/uploads\/2024\/02\/shutterstock_1996951004-scaled.jpg 2560w\" sizes=\"(max-width: 640px) 100vw, 400px\" \/><\/span><\/div><\/div><\/div><div class=\"fusion-layout-column fusion_builder_column_inner fusion-builder-nested-column-3 fusion_builder_column_inner_1_3 1_3 fusion-flex-column\" style=\"--awb-bg-size:cover;--awb-width-large:33.3333333333%;--awb-margin-top-large:0px;--awb-spacing-right-large:5.76%;--awb-margin-bottom-large:20px;--awb-spacing-left-large:5.76%;--awb-width-medium:33.3333333333%;--awb-order-medium:0;--awb-spacing-right-medium:5.76%;--awb-spacing-left-medium:5.76%;--awb-width-small:100%;--awb-order-small:0;--awb-spacing-right-small:1.92%;--awb-spacing-left-small:1.92%;\"><div class=\"fusion-column-wrapper fusion-column-has-shadow fusion-flex-justify-content-flex-start fusion-content-layout-column\"><div class=\"fusion-image-element \" style=\"text-align:center;--awb-aspect-ratio: 100 \/ 80;--awb-caption-title-font-family:var(--h2_typography-font-family);--awb-caption-title-font-weight:var(--h2_typography-font-weight);--awb-caption-title-font-style:var(--h2_typography-font-style);--awb-caption-title-size:var(--h2_typography-font-size);--awb-caption-title-transform:var(--h2_typography-text-transform);--awb-caption-title-line-height:var(--h2_typography-line-height);--awb-caption-title-letter-spacing:var(--h2_typography-letter-spacing);\"><span class=\" fusion-imageframe imageframe-none imageframe-3 hover-type-none has-aspect-ratio\"><img decoding=\"async\" width=\"2560\" height=\"1707\" alt=\"Edamer\" title=\"Edam,,North,Holland,\/,Netherlands,-,April,14th,2018:,Unique\" src=\"https:\/\/www.zeevangshoeve.nl\/wp-content\/uploads\/2024\/02\/shutterstock_1530998981-scaled.jpg\" class=\"img-responsive wp-image-2057 img-with-aspect-ratio\" data-parent-fit=\"cover\" data-parent-container=\".fusion-image-element\" srcset=\"https:\/\/www.zeevangshoeve.nl\/wp-content\/uploads\/2024\/02\/shutterstock_1530998981-200x133.jpg 200w, https:\/\/www.zeevangshoeve.nl\/wp-content\/uploads\/2024\/02\/shutterstock_1530998981-400x267.jpg 400w, https:\/\/www.zeevangshoeve.nl\/wp-content\/uploads\/2024\/02\/shutterstock_1530998981-600x400.jpg 600w, https:\/\/www.zeevangshoeve.nl\/wp-content\/uploads\/2024\/02\/shutterstock_1530998981-800x533.jpg 800w, https:\/\/www.zeevangshoeve.nl\/wp-content\/uploads\/2024\/02\/shutterstock_1530998981-1200x800.jpg 1200w, https:\/\/www.zeevangshoeve.nl\/wp-content\/uploads\/2024\/02\/shutterstock_1530998981-scaled.jpg 2560w\" sizes=\"(max-width: 640px) 100vw, 400px\" \/><\/span><\/div><\/div><\/div><\/div><\/div><\/div><\/div><\/div><div class=\"fusion-fullwidth fullwidth-box fusion-builder-row-3 fusion-flex-container has-pattern-background has-mask-background nonhundred-percent-fullwidth non-hundred-percent-height-scrolling\" style=\"--awb-border-radius-top-left:0px;--awb-border-radius-top-right:0px;--awb-border-radius-bottom-right:0px;--awb-border-radius-bottom-left:0px;--awb-flex-wrap:wrap;\" ><div class=\"fusion-builder-row fusion-row fusion-flex-align-items-flex-start fusion-flex-content-wrap\" style=\"max-width:1372.8px;margin-left: calc(-4% \/ 2 );margin-right: calc(-4% \/ 2 );\"><div class=\"fusion-layout-column fusion_builder_column fusion-builder-column-2 fusion_builder_column_1_1 1_1 fusion-flex-column\" style=\"--awb-bg-size:cover;--awb-width-large:100%;--awb-margin-top-large:0px;--awb-spacing-right-large:1.92%;--awb-margin-bottom-large:20px;--awb-spacing-left-large:1.92%;--awb-width-medium:100%;--awb-order-medium:0;--awb-spacing-right-medium:1.92%;--awb-spacing-left-medium:1.92%;--awb-width-small:100%;--awb-order-small:0;--awb-spacing-right-small:1.92%;--awb-spacing-left-small:1.92%;\"><div class=\"fusion-column-wrapper fusion-column-has-shadow fusion-flex-justify-content-flex-start fusion-content-layout-column\"><div class=\"fusion-builder-row fusion-builder-row-inner fusion-row fusion-flex-align-items-flex-start fusion-flex-content-wrap\" style=\"width:104% !important;max-width:104% !important;margin-left: calc(-4% \/ 2 );margin-right: calc(-4% \/ 2 );\"><div class=\"fusion-layout-column fusion_builder_column_inner fusion-builder-nested-column-4 fusion_builder_column_inner_3_4 3_4 fusion-flex-column\" style=\"--awb-bg-size:cover;--awb-width-large:75%;--awb-margin-top-large:0px;--awb-spacing-right-large:2.56%;--awb-margin-bottom-large:20px;--awb-spacing-left-large:2.56%;--awb-width-medium:75%;--awb-order-medium:0;--awb-spacing-right-medium:2.56%;--awb-spacing-left-medium:2.56%;--awb-width-small:100%;--awb-order-small:0;--awb-spacing-right-small:1.92%;--awb-spacing-left-small:1.92%;\"><div class=\"fusion-column-wrapper fusion-column-has-shadow fusion-flex-justify-content-flex-start fusion-content-layout-column\"><div class=\"fusion-title title fusion-title-2 fusion-sep-none fusion-title-text fusion-title-size-one\" style=\"--awb-text-color:var(--awb-color6);--awb-font-size:45px;\"><h1 class=\"fusion-title-heading title-heading-left\" style=\"font-family:&#039;Lucida Sans Unicode&#039;, &#039;Lucida Grande&#039;, sans-serif;font-style:normal;font-weight:400;margin:0;text-transform:uppercase;font-size:1em;\">Niederholland<\/h1><\/div><\/div><\/div><\/div><div class=\"fusion-text fusion-text-2\" style=\"--awb-text-color:var(--awb-color3);\"><p>Niederholland ist ein einzigartiges St\u00fcck echtes Holland oberhalb des Nordseekanals. Hier hat man vielerorts noch den Eindruck, dass die Zeit stehen geblieben ist. Das malerische Bild, das viele Ausl\u00e4nder von den Niederlanden haben, gibt es wirklich. In Niederholland. Hier gibt es noch die rustikalen D\u00f6rfer von fr\u00fcher. Auf weiten Feldern oder versteckt hinter den Deichen des IJsselmeers. Mit ihren malerischen Stra\u00dfen, umgeben von endlosem Gr\u00fcn, Windm\u00fchlen und viel Wasser.<\/p>\n<p><span style=\"color: #333399;\"><strong>Nationale Landschaft<\/strong><\/span><\/p>\n<p>Niedrig, niedriger, am niedrigsten. In Laag Holland haben Mensch und Natur zusammen gearbeitet und etwas sehr Sch\u00f6nes unter dem Meeresspiegel geschaffen. Dies spiegelt sich in der Offenheit, den sch\u00f6nen geraden Linien und den gesch\u00fctzten Stadt- und Dorfgebieten wider. Aus diesem Grund ist Laag Holland eine nationale Landschaft. So ist gew\u00e4hrleistet, dass wir noch lange Freude daran haben werden. Also keine gro\u00df angelegten Neubauten, sondern alte M\u00fchlen, urbar gemachtes Land, weite Ausblicke und Raum f\u00fcr Ruhe und Natur.<\/p>\n<p><strong><span style=\"color: #333399;\">Welterbest\u00e4tte<\/span><\/strong><\/p>\n<p>Zwei der sieben niederl\u00e4ndischen Eintr\u00e4ge auf der Welterbeliste der UN-Kulturorganisation Unesco befinden sich in Niederholland. Dies unterstreicht die gro\u00dfe historische Bedeutung des Gebiets: alt, sch\u00f6n und einzigartig in der Welt. Die Amsterdamer Verteidigungslinie wurde 1996 in die Liste des Weltkulturerbes aufgenommen, gefolgt von der Beemster im Jahr 1999.<\/p>\n<p><span style=\"color: #333399;\"><strong>Kommen Sie und genie\u00dfen Sie<\/strong><\/span><\/p>\n<p>Nat\u00fcrlich m\u00f6chte man all diese Sch\u00f6nheit mit eigenen Augen sehen. Kurzum, besuchen Sie Edam, Marken, Volendam, Monnickendam, de Rijp, Broek in Waterland, Beemster oder Purmerend.<\/p>\n<p>Nehmen Sie Ihre Kamera mit, denn Sie k\u00f6nnen sicher sein, dass Sie postkartenw\u00fcrdige Bilder machen.<\/p>\n<\/div><div class=\"fusion-builder-row fusion-builder-row-inner fusion-row fusion-flex-align-items-flex-start fusion-flex-content-wrap\" style=\"width:104% !important;max-width:104% !important;margin-left: calc(-4% \/ 2 );margin-right: calc(-4% \/ 2 );\"><div class=\"fusion-layout-column fusion_builder_column_inner fusion-builder-nested-column-5 fusion_builder_column_inner_1_3 1_3 fusion-flex-column\" style=\"--awb-bg-size:cover;--awb-width-large:33.3333333333%;--awb-margin-top-large:0px;--awb-spacing-right-large:5.76%;--awb-margin-bottom-large:20px;--awb-spacing-left-large:5.76%;--awb-width-medium:33.3333333333%;--awb-order-medium:0;--awb-spacing-right-medium:5.76%;--awb-spacing-left-medium:5.76%;--awb-width-small:100%;--awb-order-small:0;--awb-spacing-right-small:1.92%;--awb-spacing-left-small:1.92%;\"><div class=\"fusion-column-wrapper fusion-column-has-shadow fusion-flex-justify-content-flex-start fusion-content-layout-column\"><div class=\"fusion-image-element \" style=\"text-align:center;--awb-aspect-ratio: 100 \/ 80;--awb-caption-title-font-family:var(--h2_typography-font-family);--awb-caption-title-font-weight:var(--h2_typography-font-weight);--awb-caption-title-font-style:var(--h2_typography-font-style);--awb-caption-title-size:var(--h2_typography-font-size);--awb-caption-title-transform:var(--h2_typography-text-transform);--awb-caption-title-line-height:var(--h2_typography-line-height);--awb-caption-title-letter-spacing:var(--h2_typography-letter-spacing);\"><span class=\" fusion-imageframe imageframe-none imageframe-4 hover-type-none has-aspect-ratio\"><img decoding=\"async\" alt=\"Edamer\" src=\"https:\/\/www.zeevangshoeve.nl\/wp-content\/uploads\/2024\/02\/iStock-925397300-800x530.jpg\" class=\"img-responsive img-with-aspect-ratio\" data-parent-fit=\"cover\" data-parent-container=\".fusion-image-element\" \/><\/span><\/div><\/div><\/div><div class=\"fusion-layout-column fusion_builder_column_inner fusion-builder-nested-column-6 fusion_builder_column_inner_1_3 1_3 fusion-flex-column\" style=\"--awb-bg-size:cover;--awb-width-large:33.3333333333%;--awb-margin-top-large:0px;--awb-spacing-right-large:5.76%;--awb-margin-bottom-large:20px;--awb-spacing-left-large:5.76%;--awb-width-medium:33.3333333333%;--awb-order-medium:0;--awb-spacing-right-medium:5.76%;--awb-spacing-left-medium:5.76%;--awb-width-small:100%;--awb-order-small:0;--awb-spacing-right-small:1.92%;--awb-spacing-left-small:1.92%;\"><div class=\"fusion-column-wrapper fusion-column-has-shadow fusion-flex-justify-content-flex-start fusion-content-layout-column\"><div class=\"fusion-image-element \" style=\"text-align:center;--awb-aspect-ratio: 100 \/ 90;--awb-max-width:360px;--awb-caption-title-font-family:var(--h2_typography-font-family);--awb-caption-title-font-weight:var(--h2_typography-font-weight);--awb-caption-title-font-style:var(--h2_typography-font-style);--awb-caption-title-size:var(--h2_typography-font-size);--awb-caption-title-transform:var(--h2_typography-text-transform);--awb-caption-title-line-height:var(--h2_typography-line-height);--awb-caption-title-letter-spacing:var(--h2_typography-letter-spacing);\"><div style=\"display:inline-block;width:360px;\"><span class=\" fusion-imageframe imageframe-none imageframe-5 hover-type-none has-aspect-ratio\"><img decoding=\"async\" width=\"658\" height=\"492\" alt=\"Volendam\" title=\"Dam Edam\" src=\"https:\/\/www.zeevangshoeve.nl\/wp-content\/uploads\/2013\/05\/Dam-_Edam.jpg\" class=\"img-responsive wp-image-1814 img-with-aspect-ratio\" data-parent-fit=\"cover\" data-parent-container=\".fusion-image-element\" srcset=\"https:\/\/www.zeevangshoeve.nl\/wp-content\/uploads\/2013\/05\/Dam-_Edam-200x150.jpg 200w, https:\/\/www.zeevangshoeve.nl\/wp-content\/uploads\/2013\/05\/Dam-_Edam.jpg 658w\" sizes=\"(max-width: 640px) 100vw, 658px\" \/><\/span><\/div><\/div><\/div><\/div><div class=\"fusion-layout-column fusion_builder_column_inner fusion-builder-nested-column-7 fusion_builder_column_inner_1_3 1_3 fusion-flex-column\" style=\"--awb-bg-size:cover;--awb-width-large:33.3333333333%;--awb-margin-top-large:0px;--awb-spacing-right-large:5.76%;--awb-margin-bottom-large:20px;--awb-spacing-left-large:5.76%;--awb-width-medium:33.3333333333%;--awb-order-medium:0;--awb-spacing-right-medium:5.76%;--awb-spacing-left-medium:5.76%;--awb-width-small:100%;--awb-order-small:0;--awb-spacing-right-small:1.92%;--awb-spacing-left-small:1.92%;\"><div class=\"fusion-column-wrapper fusion-column-has-shadow fusion-flex-justify-content-flex-start fusion-content-layout-column\"><div class=\"fusion-image-element \" style=\"text-align:center;--awb-aspect-ratio: 100 \/ 80;--awb-caption-title-font-family:var(--h2_typography-font-family);--awb-caption-title-font-weight:var(--h2_typography-font-weight);--awb-caption-title-font-style:var(--h2_typography-font-style);--awb-caption-title-size:var(--h2_typography-font-size);--awb-caption-title-transform:var(--h2_typography-text-transform);--awb-caption-title-line-height:var(--h2_typography-line-height);--awb-caption-title-letter-spacing:var(--h2_typography-letter-spacing);\"><span class=\" fusion-imageframe imageframe-none imageframe-6 hover-type-none has-aspect-ratio\"><img decoding=\"async\" alt=\"Edamer\" src=\"https:\/\/www.zeevangshoeve.nl\/wp-content\/uploads\/2024\/02\/iStock-465890611-800x533.jpg\" class=\"img-responsive img-with-aspect-ratio\" data-parent-fit=\"cover\" data-parent-container=\".fusion-image-element\" \/><\/span><\/div><\/div><\/div><\/div><\/div><\/div><\/div><\/div><\/p>\n","protected":false},"excerpt":{"rendered":"","protected":false},"author":3,"featured_media":0,"parent":0,"menu_order":0,"comment_status":"closed","ping_status":"closed","template":"100-width.php","meta":{"footnotes":""},"class_list":["post-2163","page","type-page","status-publish","hentry"],"_links":{"self":[{"href":"https:\/\/www.zeevangshoeve.nl\/de\/wp-json\/wp\/v2\/pages\/2163","targetHints":{"allow":["GET"]}}],"collection":[{"href":"https:\/\/www.zeevangshoeve.nl\/de\/wp-json\/wp\/v2\/pages"}],"about":[{"href":"https:\/\/www.zeevangshoeve.nl\/de\/wp-json\/wp\/v2\/types\/page"}],"author":[{"embeddable":true,"href":"https:\/\/www.zeevangshoeve.nl\/de\/wp-json\/wp\/v2\/users\/3"}],"replies":[{"embeddable":true,"href":"https:\/\/www.zeevangshoeve.nl\/de\/wp-json\/wp\/v2\/comments?post=2163"}],"version-history":[{"count":7,"href":"https:\/\/www.zeevangshoeve.nl\/de\/wp-json\/wp\/v2\/pages\/2163\/revisions"}],"predecessor-version":[{"id":2788,"href":"https:\/\/www.zeevangshoeve.nl\/de\/wp-json\/wp\/v2\/pages\/2163\/revisions\/2788"}],"wp:attachment":[{"href":"https:\/\/www.zeevangshoeve.nl\/de\/wp-json\/wp\/v2\/media?parent=2163"}],"curies":[{"name":"wp","href":"https:\/\/api.w.org\/{rel}","templated":true}]}}